{"id":568,"date":"2013-02-10T20:10:16","date_gmt":"2013-02-10T19:10:16","guid":{"rendered":"http:\/\/drummer.fr\/drummer\/?page_id=568"},"modified":"2014-12-13T01:49:46","modified_gmt":"2014-12-13T00:49:46","slug":"demande-daide","status":"publish","type":"page","link":"http:\/\/drummer.fr\/drummer\/demande-daide\/","title":{"rendered":"Demande d&rsquo;aide"},"content":{"rendered":"<pre>[contact-form-7 id=\"579\" title=\"Formulaire de contact 1\"]<\/pre>\n<p>&nbsp;<\/p>\n","protected":false},"excerpt":{"rendered":"<p>[contact-form-7 id=\u00a0\u00bb579&Prime; title=\u00a0\u00bbFormulaire de contact 1&Prime;] &nbsp;<\/p>\n","protected":false},"author":3,"featured_media":0,"parent":0,"menu_order":0,"comment_status":"closed","ping_status":"open","template":"","meta":{"jetpack_post_was_ever_published":false,"footnotes":""},"class_list":["post-568","page","type-page","status-publish","hentry"],"yoast_head":"<!-- This site is optimized with the Yoast SEO plugin v27.5 - https:\/\/yoast.com\/product\/yoast-seo-wordpress\/ -->\n<title>Demande d&#039;aide - Drummer.fr<\/title>\n<meta name=\"robots\" content=\"index, follow, max-snippet:-1, max-image-preview:large, max-video-preview:-1\" \/>\n<link rel=\"canonical\" href=\"http:\/\/drummer.fr\/drummer\/demande-daide\/\" \/>\n<meta property=\"og:locale\" content=\"fr_FR\" \/>\n<meta property=\"og:type\" content=\"article\" \/>\n<meta property=\"og:title\" content=\"Demande d&#039;aide - Drummer.fr\" \/>\n<meta property=\"og:description\" content=\"[contact-form-7 id=&quot;579&quot; title=&quot;Formulaire de contact 1&quot;] &nbsp;\" \/>\n<meta property=\"og:url\" content=\"http:\/\/drummer.fr\/drummer\/demande-daide\/\" \/>\n<meta property=\"og:site_name\" content=\"Drummer.fr\" \/>\n<meta property=\"article:modified_time\" content=\"2014-12-13T00:49:46+00:00\" \/>\n<script type=\"application\/ld+json\" class=\"yoast-schema-graph\">{\"@context\":\"https:\\\/\\\/schema.org\",\"@graph\":[{\"@type\":\"WebPage\",\"@id\":\"http:\\\/\\\/drummer.fr\\\/drummer\\\/demande-daide\\\/\",\"url\":\"http:\\\/\\\/drummer.fr\\\/drummer\\\/demande-daide\\\/\",\"name\":\"Demande d'aide - Drummer.fr\",\"isPartOf\":{\"@id\":\"http:\\\/\\\/drummer.fr\\\/drummer\\\/#website\"},\"datePublished\":\"2013-02-10T19:10:16+00:00\",\"dateModified\":\"2014-12-13T00:49:46+00:00\",\"breadcrumb\":{\"@id\":\"http:\\\/\\\/drummer.fr\\\/drummer\\\/demande-daide\\\/#breadcrumb\"},\"inLanguage\":\"fr-FR\",\"potentialAction\":[{\"@type\":\"ReadAction\",\"target\":[\"http:\\\/\\\/drummer.fr\\\/drummer\\\/demande-daide\\\/\"]}]},{\"@type\":\"BreadcrumbList\",\"@id\":\"http:\\\/\\\/drummer.fr\\\/drummer\\\/demande-daide\\\/#breadcrumb\",\"itemListElement\":[{\"@type\":\"ListItem\",\"position\":1,\"name\":\"Accueil\",\"item\":\"http:\\\/\\\/drummer.fr\\\/drummer\\\/\"},{\"@type\":\"ListItem\",\"position\":2,\"name\":\"Demande d&rsquo;aide\"}]},{\"@type\":\"WebSite\",\"@id\":\"http:\\\/\\\/drummer.fr\\\/drummer\\\/#website\",\"url\":\"http:\\\/\\\/drummer.fr\\\/drummer\\\/\",\"name\":\"Drummer.fr\",\"description\":\"Apprendre la batterie\",\"publisher\":{\"@id\":\"http:\\\/\\\/drummer.fr\\\/drummer\\\/#\\\/schema\\\/person\\\/19e3c7023e779e8a7630ace032b9556d\"},\"potentialAction\":[{\"@type\":\"SearchAction\",\"target\":{\"@type\":\"EntryPoint\",\"urlTemplate\":\"http:\\\/\\\/drummer.fr\\\/drummer\\\/?s={search_term_string}\"},\"query-input\":{\"@type\":\"PropertyValueSpecification\",\"valueRequired\":true,\"valueName\":\"search_term_string\"}}],\"inLanguage\":\"fr-FR\"},{\"@type\":[\"Person\",\"Organization\"],\"@id\":\"http:\\\/\\\/drummer.fr\\\/drummer\\\/#\\\/schema\\\/person\\\/19e3c7023e779e8a7630ace032b9556d\",\"name\":\"Francois Lescoutte\",\"image\":{\"@type\":\"ImageObject\",\"inLanguage\":\"fr-FR\",\"@id\":\"https:\\\/\\\/i0.wp.com\\\/drummer.fr\\\/drummer\\\/wp-content\\\/uploads\\\/2019\\\/12\\\/Sans-titre-2.jpg?fit=512%2C512\",\"url\":\"https:\\\/\\\/i0.wp.com\\\/drummer.fr\\\/drummer\\\/wp-content\\\/uploads\\\/2019\\\/12\\\/Sans-titre-2.jpg?fit=512%2C512\",\"contentUrl\":\"https:\\\/\\\/i0.wp.com\\\/drummer.fr\\\/drummer\\\/wp-content\\\/uploads\\\/2019\\\/12\\\/Sans-titre-2.jpg?fit=512%2C512\",\"width\":512,\"height\":512,\"caption\":\"Francois Lescoutte\"},\"logo\":{\"@id\":\"https:\\\/\\\/i0.wp.com\\\/drummer.fr\\\/drummer\\\/wp-content\\\/uploads\\\/2019\\\/12\\\/Sans-titre-2.jpg?fit=512%2C512\"},\"description\":\"Batterie (instrument)\",\"sameAs\":[\"http:\\\/\\\/www.drummer.fr\"]}]}<\/script>\n<!-- \/ Yoast SEO plugin. -->","yoast_head_json":{"title":"Demande d'aide - Drummer.fr","robots":{"index":"index","follow":"follow","max-snippet":"max-snippet:-1","max-image-preview":"max-image-preview:large","max-video-preview":"max-video-preview:-1"},"canonical":"http:\/\/drummer.fr\/drummer\/demande-daide\/","og_locale":"fr_FR","og_type":"article","og_title":"Demande d'aide - Drummer.fr","og_description":"[contact-form-7 id=\"579\" title=\"Formulaire de contact 1\"] &nbsp;","og_url":"http:\/\/drummer.fr\/drummer\/demande-daide\/","og_site_name":"Drummer.fr","article_modified_time":"2014-12-13T00:49:46+00:00","schema":{"@context":"https:\/\/schema.org","@graph":[{"@type":"WebPage","@id":"http:\/\/drummer.fr\/drummer\/demande-daide\/","url":"http:\/\/drummer.fr\/drummer\/demande-daide\/","name":"Demande d'aide - Drummer.fr","isPartOf":{"@id":"http:\/\/drummer.fr\/drummer\/#website"},"datePublished":"2013-02-10T19:10:16+00:00","dateModified":"2014-12-13T00:49:46+00:00","breadcrumb":{"@id":"http:\/\/drummer.fr\/drummer\/demande-daide\/#breadcrumb"},"inLanguage":"fr-FR","potentialAction":[{"@type":"ReadAction","target":["http:\/\/drummer.fr\/drummer\/demande-daide\/"]}]},{"@type":"BreadcrumbList","@id":"http:\/\/drummer.fr\/drummer\/demande-daide\/#breadcrumb","itemListElement":[{"@type":"ListItem","position":1,"name":"Accueil","item":"http:\/\/drummer.fr\/drummer\/"},{"@type":"ListItem","position":2,"name":"Demande d&rsquo;aide"}]},{"@type":"WebSite","@id":"http:\/\/drummer.fr\/drummer\/#website","url":"http:\/\/drummer.fr\/drummer\/","name":"Drummer.fr","description":"Apprendre la batterie","publisher":{"@id":"http:\/\/drummer.fr\/drummer\/#\/schema\/person\/19e3c7023e779e8a7630ace032b9556d"},"potentialAction":[{"@type":"SearchAction","target":{"@type":"EntryPoint","urlTemplate":"http:\/\/drummer.fr\/drummer\/?s={search_term_string}"},"query-input":{"@type":"PropertyValueSpecification","valueRequired":true,"valueName":"search_term_string"}}],"inLanguage":"fr-FR"},{"@type":["Person","Organization"],"@id":"http:\/\/drummer.fr\/drummer\/#\/schema\/person\/19e3c7023e779e8a7630ace032b9556d","name":"Francois Lescoutte","image":{"@type":"ImageObject","inLanguage":"fr-FR","@id":"https:\/\/i0.wp.com\/drummer.fr\/drummer\/wp-content\/uploads\/2019\/12\/Sans-titre-2.jpg?fit=512%2C512","url":"https:\/\/i0.wp.com\/drummer.fr\/drummer\/wp-content\/uploads\/2019\/12\/Sans-titre-2.jpg?fit=512%2C512","contentUrl":"https:\/\/i0.wp.com\/drummer.fr\/drummer\/wp-content\/uploads\/2019\/12\/Sans-titre-2.jpg?fit=512%2C512","width":512,"height":512,"caption":"Francois Lescoutte"},"logo":{"@id":"https:\/\/i0.wp.com\/drummer.fr\/drummer\/wp-content\/uploads\/2019\/12\/Sans-titre-2.jpg?fit=512%2C512"},"description":"Batterie (instrument)","sameAs":["http:\/\/www.drummer.fr"]}]}},"jetpack_shortlink":"https:\/\/wp.me\/P2yiNW-9a","jetpack_sharing_enabled":true,"jetpack_likes_enabled":false,"jetpack-related-posts":[{"id":1572,"url":"http:\/\/drummer.fr\/drummer\/formulaire-contact\/","url_meta":{"origin":568,"position":0},"title":"Formulaire de contact","author":"Francois Lescoutte","date":"13 ao\u00fbt 2014","format":false,"excerpt":"Vous pouvez me contacter au 06 15 57 86 64 ou me laisser un message par l'interm\u00e9diaire du formulaire ci-dessous Formulaire de contact Francois Lescoutte - Siret : 498 443 639 00022","rel":"","context":"Article similaire","block_context":{"text":"Article similaire","link":""},"img":{"alt_text":"","src":"","width":0,"height":0},"classes":[]},{"id":1788,"url":"http:\/\/drummer.fr\/drummer\/conditions-generales-de-vente-cgv\/","url_meta":{"origin":568,"position":1},"title":"Conditions G\u00e9n\u00e9rales de Vente &#8211; CGV","author":"Francois Lescoutte","date":"4 mai 2015","format":false,"excerpt":"Conditions g\u00e9n\u00e9rales de vente Le recours \u00e0 la prestation de cours de batterie par Fran\u00e7ois Lescoutte (sous la marque de drummer.fr) auto-entrepreneur, 3 rue Gleize Bielhe, 65460 Bours - Courriel : contact@drummer.fr - Siret :498 443 639 00022 - entra\u00eene sans r\u00e9serve l'application des clauses suivantes : Chapitre 1 :\u2026","rel":"","context":"Article similaire","block_context":{"text":"Article similaire","link":""},"img":{"alt_text":"","src":"","width":0,"height":0},"classes":[]},{"id":2125,"url":"http:\/\/drummer.fr\/drummer\/politique-de-confidentialite\/","url_meta":{"origin":568,"position":2},"title":"Politique de confidentialit\u00e9","author":"Francois Lescoutte","date":"24 mai 2018","format":false,"excerpt":"Qui sommes-nous\u00a0? L\u2019adresse de notre site Web est\u00a0: http:\/\/drummer.fr\/drummer. Utilisation des donn\u00e9es personnelles collect\u00e9es Commentaires Quand vous laissez un commentaire sur notre site web, les donn\u00e9es inscrites dans le formulaire de commentaire, mais aussi votre adresse IP et l\u2019agent utilisateur de votre navigateur sont collect\u00e9s pour nous aider \u00e0 la\u2026","rel":"","context":"Article similaire","block_context":{"text":"Article similaire","link":""},"img":{"alt_text":"","src":"","width":0,"height":0},"classes":[]},{"id":144,"url":"http:\/\/drummer.fr\/drummer\/temps-mesure-tempo-drummer\/","url_meta":{"origin":568,"position":3},"title":"temps, mesure et tempo : notions \u00e9l\u00e9mentaires","author":"Francois Lescoutte","date":"25 juin 2012","format":false,"excerpt":"Le temps Unit\u00e9 de mesure de la dur\u00e9e musicale, il a une dur\u00e9e qui varie d'un morceau musical \u00e0 l'autre.\u00a0 C'est le tempo (voir la d\u00e9finition ci-dessous) qui va en fixer la dur\u00e9e exacte. Le temps peux \u00eatre combin\u00e9 en structure sup\u00e9rieure, la mesure et peut \u00eatre divis\u00e9 en plusieurs\u2026","rel":"","context":"Article similaire","block_context":{"text":"Article similaire","link":""},"img":{"alt_text":"La noire = 1 temps","src":"https:\/\/i0.wp.com\/drummer.fr\/drummer\/wp-content\/uploads\/2012\/06\/noire1.jpg?resize=350%2C200","width":350,"height":200},"classes":[]},{"id":2301,"url":"http:\/\/drummer.fr\/drummer\/rentree-2019-2020-cours-de-batterie-tarbes-lembeye-morlaas-soumoulou\/","url_meta":{"origin":568,"position":4},"title":"Rentr\u00e9e 2023-2024. Cours de batterie Tarbes, Lembeye, Morlaas, Soumoulou, Espoey.","author":"Francois Lescoutte","date":"19 juillet 2019","format":false,"excerpt":"Tarbes, Pau. Je donne uniquement des cours particuliers en votre domicile ou chez moi. Pour de plus amples informations, r\u00e9f\u00e9rez-vous \u00e0 cette page . Lembeye Les cours de batterie ont lieu dans une salle situ\u00e9e au-dessus de la mairie, 37 place du Marcadieu, le mercredi matin et le vendredi en\u2026","rel":"","context":"Article similaire","block_context":{"text":"Article similaire","link":""},"img":{"alt_text":"cours de batterie","src":"https:\/\/i0.wp.com\/drummer.fr\/drummer\/wp-content\/uploads\/2019\/06\/aquadrums.jpg?fit=400%2C400&resize=350%2C200","width":350,"height":200},"classes":[]},{"id":265,"url":"http:\/\/drummer.fr\/drummer\/credits\/","url_meta":{"origin":568,"position":5},"title":"Cr\u00e9dits &#8211; Mentions l\u00e9gales","author":"Francois Lescoutte","date":"11 juillet 2012","format":false,"excerpt":"Propri\u00e9taire et \u00e9diteur de ce site : Francois Lescoutte 3, rue Gleize Bielle 65460 Bours France Auto entrepreneur enregistr\u00e9 sous le numero 498 443 639 H\u00e9bergement : GANDI SAS, 63-65 boulevard Massena 75013 Paris France immatriculation 423 093 459 RCS PARIS N\u00b0 TVA FR81423093459 T\u00e9l\u00e9phone : +33.(0) 1 70.37.76.61 T\u00e9l\u00e9copie\u2026","rel":"","context":"Article similaire","block_context":{"text":"Article similaire","link":""},"img":{"alt_text":"","src":"","width":0,"height":0},"classes":[]}],"_links":{"self":[{"href":"http:\/\/drummer.fr\/drummer\/wp-json\/wp\/v2\/pages\/568","targetHints":{"allow":["GET"]}}],"collection":[{"href":"http:\/\/drummer.fr\/drummer\/wp-json\/wp\/v2\/pages"}],"about":[{"href":"http:\/\/drummer.fr\/drummer\/wp-json\/wp\/v2\/types\/page"}],"author":[{"embeddable":true,"href":"http:\/\/drummer.fr\/drummer\/wp-json\/wp\/v2\/users\/3"}],"replies":[{"embeddable":true,"href":"http:\/\/drummer.fr\/drummer\/wp-json\/wp\/v2\/comments?post=568"}],"version-history":[{"count":12,"href":"http:\/\/drummer.fr\/drummer\/wp-json\/wp\/v2\/pages\/568\/revisions"}],"predecessor-version":[{"id":1727,"href":"http:\/\/drummer.fr\/drummer\/wp-json\/wp\/v2\/pages\/568\/revisions\/1727"}],"wp:attachment":[{"href":"http:\/\/drummer.fr\/drummer\/wp-json\/wp\/v2\/media?parent=568"}],"curies":[{"name":"wp","href":"https:\/\/api.w.org\/{rel}","templated":true}]}}