{"id":2681,"date":"2020-12-11T01:02:12","date_gmt":"2020-12-11T00:02:12","guid":{"rendered":"http:\/\/drummer.fr\/drummer\/commande\/historique-des-achats\/"},"modified":"2020-12-11T01:02:12","modified_gmt":"2020-12-11T00:02:12","slug":"historique-des-achats","status":"publish","type":"page","link":"http:\/\/drummer.fr\/drummer\/commande\/historique-des-achats\/","title":{"rendered":"Historique des achats"},"content":{"rendered":"\n","protected":false},"excerpt":{"rendered":"","protected":false},"author":1,"featured_media":0,"parent":2678,"menu_order":0,"comment_status":"closed","ping_status":"closed","template":"","meta":{"jetpack_post_was_ever_published":false,"footnotes":""},"class_list":["post-2681","page","type-page","status-publish","hentry"],"yoast_head":"<!-- This site is optimized with the Yoast SEO plugin v27.4 - https:\/\/yoast.com\/product\/yoast-seo-wordpress\/ -->\n<title>Historique des achats - Drummer.fr<\/title>\n<meta name=\"robots\" content=\"index, follow, max-snippet:-1, max-image-preview:large, max-video-preview:-1\" \/>\n<link rel=\"canonical\" href=\"http:\/\/drummer.fr\/drummer\/commande\/historique-des-achats\/\" \/>\n<meta property=\"og:locale\" content=\"fr_FR\" \/>\n<meta property=\"og:type\" content=\"article\" \/>\n<meta property=\"og:title\" content=\"Historique des achats - Drummer.fr\" \/>\n<meta property=\"og:url\" content=\"http:\/\/drummer.fr\/drummer\/commande\/historique-des-achats\/\" \/>\n<meta property=\"og:site_name\" content=\"Drummer.fr\" \/>\n<script type=\"application\/ld+json\" class=\"yoast-schema-graph\">{\"@context\":\"https:\\\/\\\/schema.org\",\"@graph\":[{\"@type\":\"WebPage\",\"@id\":\"http:\\\/\\\/drummer.fr\\\/drummer\\\/commande\\\/historique-des-achats\\\/\",\"url\":\"http:\\\/\\\/drummer.fr\\\/drummer\\\/commande\\\/historique-des-achats\\\/\",\"name\":\"Historique des achats - Drummer.fr\",\"isPartOf\":{\"@id\":\"http:\\\/\\\/drummer.fr\\\/drummer\\\/#website\"},\"datePublished\":\"2020-12-11T00:02:12+00:00\",\"breadcrumb\":{\"@id\":\"http:\\\/\\\/drummer.fr\\\/drummer\\\/commande\\\/historique-des-achats\\\/#breadcrumb\"},\"inLanguage\":\"fr-FR\",\"potentialAction\":[{\"@type\":\"ReadAction\",\"target\":[\"http:\\\/\\\/drummer.fr\\\/drummer\\\/commande\\\/historique-des-achats\\\/\"]}]},{\"@type\":\"BreadcrumbList\",\"@id\":\"http:\\\/\\\/drummer.fr\\\/drummer\\\/commande\\\/historique-des-achats\\\/#breadcrumb\",\"itemListElement\":[{\"@type\":\"ListItem\",\"position\":1,\"name\":\"Accueil\",\"item\":\"http:\\\/\\\/drummer.fr\\\/drummer\\\/\"},{\"@type\":\"ListItem\",\"position\":2,\"name\":\"Commande\",\"item\":\"http:\\\/\\\/drummer.fr\\\/drummer\\\/commande\\\/\"},{\"@type\":\"ListItem\",\"position\":3,\"name\":\"Historique des achats\"}]},{\"@type\":\"WebSite\",\"@id\":\"http:\\\/\\\/drummer.fr\\\/drummer\\\/#website\",\"url\":\"http:\\\/\\\/drummer.fr\\\/drummer\\\/\",\"name\":\"Drummer.fr\",\"description\":\"Apprendre la batterie\",\"publisher\":{\"@id\":\"http:\\\/\\\/drummer.fr\\\/drummer\\\/#\\\/schema\\\/person\\\/19e3c7023e779e8a7630ace032b9556d\"},\"potentialAction\":[{\"@type\":\"SearchAction\",\"target\":{\"@type\":\"EntryPoint\",\"urlTemplate\":\"http:\\\/\\\/drummer.fr\\\/drummer\\\/?s={search_term_string}\"},\"query-input\":{\"@type\":\"PropertyValueSpecification\",\"valueRequired\":true,\"valueName\":\"search_term_string\"}}],\"inLanguage\":\"fr-FR\"},{\"@type\":[\"Person\",\"Organization\"],\"@id\":\"http:\\\/\\\/drummer.fr\\\/drummer\\\/#\\\/schema\\\/person\\\/19e3c7023e779e8a7630ace032b9556d\",\"name\":\"Francois Lescoutte\",\"image\":{\"@type\":\"ImageObject\",\"inLanguage\":\"fr-FR\",\"@id\":\"https:\\\/\\\/i0.wp.com\\\/drummer.fr\\\/drummer\\\/wp-content\\\/uploads\\\/2019\\\/12\\\/Sans-titre-2.jpg?fit=512%2C512\",\"url\":\"https:\\\/\\\/i0.wp.com\\\/drummer.fr\\\/drummer\\\/wp-content\\\/uploads\\\/2019\\\/12\\\/Sans-titre-2.jpg?fit=512%2C512\",\"contentUrl\":\"https:\\\/\\\/i0.wp.com\\\/drummer.fr\\\/drummer\\\/wp-content\\\/uploads\\\/2019\\\/12\\\/Sans-titre-2.jpg?fit=512%2C512\",\"width\":512,\"height\":512,\"caption\":\"Francois Lescoutte\"},\"logo\":{\"@id\":\"https:\\\/\\\/i0.wp.com\\\/drummer.fr\\\/drummer\\\/wp-content\\\/uploads\\\/2019\\\/12\\\/Sans-titre-2.jpg?fit=512%2C512\"},\"description\":\"Batterie (instrument)\",\"sameAs\":[\"http:\\\/\\\/www.drummer.fr\"]}]}<\/script>\n<!-- \/ Yoast SEO plugin. -->","yoast_head_json":{"title":"Historique des achats - Drummer.fr","robots":{"index":"index","follow":"follow","max-snippet":"max-snippet:-1","max-image-preview":"max-image-preview:large","max-video-preview":"max-video-preview:-1"},"canonical":"http:\/\/drummer.fr\/drummer\/commande\/historique-des-achats\/","og_locale":"fr_FR","og_type":"article","og_title":"Historique des achats - Drummer.fr","og_url":"http:\/\/drummer.fr\/drummer\/commande\/historique-des-achats\/","og_site_name":"Drummer.fr","schema":{"@context":"https:\/\/schema.org","@graph":[{"@type":"WebPage","@id":"http:\/\/drummer.fr\/drummer\/commande\/historique-des-achats\/","url":"http:\/\/drummer.fr\/drummer\/commande\/historique-des-achats\/","name":"Historique des achats - Drummer.fr","isPartOf":{"@id":"http:\/\/drummer.fr\/drummer\/#website"},"datePublished":"2020-12-11T00:02:12+00:00","breadcrumb":{"@id":"http:\/\/drummer.fr\/drummer\/commande\/historique-des-achats\/#breadcrumb"},"inLanguage":"fr-FR","potentialAction":[{"@type":"ReadAction","target":["http:\/\/drummer.fr\/drummer\/commande\/historique-des-achats\/"]}]},{"@type":"BreadcrumbList","@id":"http:\/\/drummer.fr\/drummer\/commande\/historique-des-achats\/#breadcrumb","itemListElement":[{"@type":"ListItem","position":1,"name":"Accueil","item":"http:\/\/drummer.fr\/drummer\/"},{"@type":"ListItem","position":2,"name":"Commande","item":"http:\/\/drummer.fr\/drummer\/commande\/"},{"@type":"ListItem","position":3,"name":"Historique des achats"}]},{"@type":"WebSite","@id":"http:\/\/drummer.fr\/drummer\/#website","url":"http:\/\/drummer.fr\/drummer\/","name":"Drummer.fr","description":"Apprendre la batterie","publisher":{"@id":"http:\/\/drummer.fr\/drummer\/#\/schema\/person\/19e3c7023e779e8a7630ace032b9556d"},"potentialAction":[{"@type":"SearchAction","target":{"@type":"EntryPoint","urlTemplate":"http:\/\/drummer.fr\/drummer\/?s={search_term_string}"},"query-input":{"@type":"PropertyValueSpecification","valueRequired":true,"valueName":"search_term_string"}}],"inLanguage":"fr-FR"},{"@type":["Person","Organization"],"@id":"http:\/\/drummer.fr\/drummer\/#\/schema\/person\/19e3c7023e779e8a7630ace032b9556d","name":"Francois Lescoutte","image":{"@type":"ImageObject","inLanguage":"fr-FR","@id":"https:\/\/i0.wp.com\/drummer.fr\/drummer\/wp-content\/uploads\/2019\/12\/Sans-titre-2.jpg?fit=512%2C512","url":"https:\/\/i0.wp.com\/drummer.fr\/drummer\/wp-content\/uploads\/2019\/12\/Sans-titre-2.jpg?fit=512%2C512","contentUrl":"https:\/\/i0.wp.com\/drummer.fr\/drummer\/wp-content\/uploads\/2019\/12\/Sans-titre-2.jpg?fit=512%2C512","width":512,"height":512,"caption":"Francois Lescoutte"},"logo":{"@id":"https:\/\/i0.wp.com\/drummer.fr\/drummer\/wp-content\/uploads\/2019\/12\/Sans-titre-2.jpg?fit=512%2C512"},"description":"Batterie (instrument)","sameAs":["http:\/\/www.drummer.fr"]}]}},"jetpack_shortlink":"https:\/\/wp.me\/P2yiNW-Hf","jetpack_sharing_enabled":true,"jetpack_likes_enabled":false,"jetpack-related-posts":[{"id":1788,"url":"http:\/\/drummer.fr\/drummer\/conditions-generales-de-vente-cgv\/","url_meta":{"origin":2681,"position":0},"title":"Conditions G\u00e9n\u00e9rales de Vente &#8211; CGV","author":"Francois Lescoutte","date":"4 mai 2015","format":false,"excerpt":"Conditions g\u00e9n\u00e9rales de vente Le recours \u00e0 la prestation de cours de batterie par Fran\u00e7ois Lescoutte (sous la marque de drummer.fr) auto-entrepreneur, 3 rue Gleize Bielhe, 65460 Bours - Courriel : contact@drummer.fr - Siret :498 443 639 00022 - entra\u00eene sans r\u00e9serve l'application des clauses suivantes : Chapitre 1 :\u2026","rel":"","context":"Article similaire","block_context":{"text":"Article similaire","link":""},"img":{"alt_text":"","src":"","width":0,"height":0},"classes":[]},{"id":2286,"url":"http:\/\/drummer.fr\/drummer\/politique-de-cookie\/","url_meta":{"origin":2681,"position":1},"title":"Politique de cookie","author":"Francois Lescoutte","date":"29 juin 2019","format":false,"excerpt":"Ce site utilise des cookies - de petits fichiers texte qui sont plac\u00e9s sur votre machine pour aider le site \u00e0 fournir une meilleure exp\u00e9rience utilisateur. En g\u00e9n\u00e9ral, les cookies sont utilis\u00e9s pour conserver les pr\u00e9f\u00e9rences de l'utilisateur, stocker des informations pour des choses comme les paniers d'achat et fournir\u2026","rel":"","context":"Article similaire","block_context":{"text":"Article similaire","link":""},"img":{"alt_text":"","src":"","width":0,"height":0},"classes":[]},{"id":2125,"url":"http:\/\/drummer.fr\/drummer\/politique-de-confidentialite\/","url_meta":{"origin":2681,"position":2},"title":"Politique de confidentialit\u00e9","author":"Francois Lescoutte","date":"24 mai 2018","format":false,"excerpt":"Qui sommes-nous\u00a0? L\u2019adresse de notre site Web est\u00a0: http:\/\/drummer.fr\/drummer. Utilisation des donn\u00e9es personnelles collect\u00e9es Commentaires Quand vous laissez un commentaire sur notre site web, les donn\u00e9es inscrites dans le formulaire de commentaire, mais aussi votre adresse IP et l\u2019agent utilisateur de votre navigateur sont collect\u00e9s pour nous aider \u00e0 la\u2026","rel":"","context":"Article similaire","block_context":{"text":"Article similaire","link":""},"img":{"alt_text":"","src":"","width":0,"height":0},"classes":[]},{"id":2301,"url":"http:\/\/drummer.fr\/drummer\/rentree-2019-2020-cours-de-batterie-tarbes-lembeye-morlaas-soumoulou\/","url_meta":{"origin":2681,"position":3},"title":"Rentr\u00e9e 2023-2024. Cours de batterie Tarbes, Lembeye, Morlaas, Soumoulou, Espoey.","author":"Francois Lescoutte","date":"19 juillet 2019","format":false,"excerpt":"Tarbes, Pau. Je donne uniquement des cours particuliers en votre domicile ou chez moi. Pour de plus amples informations, r\u00e9f\u00e9rez-vous \u00e0 cette page . Lembeye Les cours de batterie ont lieu dans une salle situ\u00e9e au-dessus de la mairie, 37 place du Marcadieu, le mercredi matin et le vendredi en\u2026","rel":"","context":"Article similaire","block_context":{"text":"Article similaire","link":""},"img":{"alt_text":"cours de batterie","src":"https:\/\/i0.wp.com\/drummer.fr\/drummer\/wp-content\/uploads\/2019\/06\/aquadrums.jpg?fit=400%2C400&resize=350%2C200","width":350,"height":200},"classes":[]},{"id":144,"url":"http:\/\/drummer.fr\/drummer\/temps-mesure-tempo-drummer\/","url_meta":{"origin":2681,"position":4},"title":"temps, mesure et tempo : notions \u00e9l\u00e9mentaires","author":"Francois Lescoutte","date":"25 juin 2012","format":false,"excerpt":"Le temps Unit\u00e9 de mesure de la dur\u00e9e musicale, il a une dur\u00e9e qui varie d'un morceau musical \u00e0 l'autre.\u00a0 C'est le tempo (voir la d\u00e9finition ci-dessous) qui va en fixer la dur\u00e9e exacte. Le temps peux \u00eatre combin\u00e9 en structure sup\u00e9rieure, la mesure et peut \u00eatre divis\u00e9 en plusieurs\u2026","rel":"","context":"Article similaire","block_context":{"text":"Article similaire","link":""},"img":{"alt_text":"La noire = 1 temps","src":"https:\/\/i0.wp.com\/drummer.fr\/drummer\/wp-content\/uploads\/2012\/06\/noire1.jpg?resize=350%2C200","width":350,"height":200},"classes":[]},{"id":106,"url":"http:\/\/drummer.fr\/drummer\/pourquoi-choisir-drummer-batterie\/","url_meta":{"origin":2681,"position":5},"title":"Pourquoi choisir Drummer.fr pour apprendre la batterie ?","author":"Francois Lescoutte","date":"17 juin 2012","format":false,"excerpt":"Drummer s'adresse plus particuli\u00e8rement aux batteurs d\u00e9butants et \u00e0 ceux qui souhaitent travailler un point technique en particulier. Le cours de batterie en ligne vous permet d'\u00e9tudier \u00e0 votre rythme avec le conseil d'un expert si vous le souhaitez. \u00a0 Ce site ne comprend pas les partitions compl\u00e8tes des morceaux\u2026","rel":"","context":"Article similaire","block_context":{"text":"Article similaire","link":""},"img":{"alt_text":"drummer, cours de batterie en ligne","src":"https:\/\/i0.wp.com\/drummer.fr\/drummer\/wp-content\/uploads\/2012\/06\/logo_beta_12.png?resize=350%2C200","width":350,"height":200},"classes":[]}],"_links":{"self":[{"href":"http:\/\/drummer.fr\/drummer\/wp-json\/wp\/v2\/pages\/2681","targetHints":{"allow":["GET"]}}],"collection":[{"href":"http:\/\/drummer.fr\/drummer\/wp-json\/wp\/v2\/pages"}],"about":[{"href":"http:\/\/drummer.fr\/drummer\/wp-json\/wp\/v2\/types\/page"}],"author":[{"embeddable":true,"href":"http:\/\/drummer.fr\/drummer\/wp-json\/wp\/v2\/users\/1"}],"replies":[{"embeddable":true,"href":"http:\/\/drummer.fr\/drummer\/wp-json\/wp\/v2\/comments?post=2681"}],"version-history":[{"count":0,"href":"http:\/\/drummer.fr\/drummer\/wp-json\/wp\/v2\/pages\/2681\/revisions"}],"up":[{"embeddable":true,"href":"http:\/\/drummer.fr\/drummer\/wp-json\/wp\/v2\/pages\/2678"}],"wp:attachment":[{"href":"http:\/\/drummer.fr\/drummer\/wp-json\/wp\/v2\/media?parent=2681"}],"curies":[{"name":"wp","href":"https:\/\/api.w.org\/{rel}","templated":true}]}}