{"id":2105,"date":"2018-02-10T08:33:37","date_gmt":"2018-02-10T07:33:37","guid":{"rendered":"http:\/\/drummer.fr\/drummer\/?page_id=2105"},"modified":"2018-02-10T08:33:37","modified_gmt":"2018-02-10T07:33:37","slug":"lancez-vous","status":"publish","type":"page","link":"http:\/\/drummer.fr\/drummer\/lancez-vous\/","title":{"rendered":"Lancez-vous"},"content":{"rendered":"","protected":false},"excerpt":{"rendered":"","protected":false},"author":3,"featured_media":0,"parent":0,"menu_order":0,"comment_status":"closed","ping_status":"closed","template":"","meta":{"jetpack_post_was_ever_published":false,"footnotes":""},"class_list":["post-2105","page","type-page","status-publish","hentry"],"yoast_head":"<!-- This site is optimized with the Yoast SEO plugin v27.4 - https:\/\/yoast.com\/product\/yoast-seo-wordpress\/ -->\n<title>Lancez-vous - Drummer.fr<\/title>\n<meta name=\"robots\" content=\"index, follow, max-snippet:-1, max-image-preview:large, max-video-preview:-1\" \/>\n<link rel=\"canonical\" href=\"http:\/\/drummer.fr\/drummer\/lancez-vous\/\" \/>\n<meta property=\"og:locale\" content=\"fr_FR\" \/>\n<meta property=\"og:type\" content=\"article\" \/>\n<meta property=\"og:title\" content=\"Lancez-vous - Drummer.fr\" \/>\n<meta property=\"og:url\" content=\"http:\/\/drummer.fr\/drummer\/lancez-vous\/\" \/>\n<meta property=\"og:site_name\" content=\"Drummer.fr\" \/>\n<script type=\"application\/ld+json\" class=\"yoast-schema-graph\">{\"@context\":\"https:\\\/\\\/schema.org\",\"@graph\":[{\"@type\":[\"WebPage\",\"CollectionPage\"],\"@id\":\"http:\\\/\\\/drummer.fr\\\/drummer\\\/lancez-vous\\\/\",\"url\":\"http:\\\/\\\/drummer.fr\\\/drummer\\\/lancez-vous\\\/\",\"name\":\"Lancez-vous - Drummer.fr\",\"isPartOf\":{\"@id\":\"http:\\\/\\\/drummer.fr\\\/drummer\\\/#website\"},\"datePublished\":\"2018-02-10T07:33:37+00:00\",\"breadcrumb\":{\"@id\":\"http:\\\/\\\/drummer.fr\\\/drummer\\\/lancez-vous\\\/#breadcrumb\"},\"inLanguage\":\"fr-FR\"},{\"@type\":\"BreadcrumbList\",\"@id\":\"http:\\\/\\\/drummer.fr\\\/drummer\\\/lancez-vous\\\/#breadcrumb\",\"itemListElement\":[{\"@type\":\"ListItem\",\"position\":1,\"name\":\"Accueil\",\"item\":\"http:\\\/\\\/drummer.fr\\\/drummer\\\/\"},{\"@type\":\"ListItem\",\"position\":2,\"name\":\"Lancez-vous\"}]},{\"@type\":\"WebSite\",\"@id\":\"http:\\\/\\\/drummer.fr\\\/drummer\\\/#website\",\"url\":\"http:\\\/\\\/drummer.fr\\\/drummer\\\/\",\"name\":\"Drummer.fr\",\"description\":\"Apprendre la batterie\",\"publisher\":{\"@id\":\"http:\\\/\\\/drummer.fr\\\/drummer\\\/#\\\/schema\\\/person\\\/19e3c7023e779e8a7630ace032b9556d\"},\"potentialAction\":[{\"@type\":\"SearchAction\",\"target\":{\"@type\":\"EntryPoint\",\"urlTemplate\":\"http:\\\/\\\/drummer.fr\\\/drummer\\\/?s={search_term_string}\"},\"query-input\":{\"@type\":\"PropertyValueSpecification\",\"valueRequired\":true,\"valueName\":\"search_term_string\"}}],\"inLanguage\":\"fr-FR\"},{\"@type\":[\"Person\",\"Organization\"],\"@id\":\"http:\\\/\\\/drummer.fr\\\/drummer\\\/#\\\/schema\\\/person\\\/19e3c7023e779e8a7630ace032b9556d\",\"name\":\"Francois Lescoutte\",\"image\":{\"@type\":\"ImageObject\",\"inLanguage\":\"fr-FR\",\"@id\":\"https:\\\/\\\/i0.wp.com\\\/drummer.fr\\\/drummer\\\/wp-content\\\/uploads\\\/2019\\\/12\\\/Sans-titre-2.jpg?fit=512%2C512\",\"url\":\"https:\\\/\\\/i0.wp.com\\\/drummer.fr\\\/drummer\\\/wp-content\\\/uploads\\\/2019\\\/12\\\/Sans-titre-2.jpg?fit=512%2C512\",\"contentUrl\":\"https:\\\/\\\/i0.wp.com\\\/drummer.fr\\\/drummer\\\/wp-content\\\/uploads\\\/2019\\\/12\\\/Sans-titre-2.jpg?fit=512%2C512\",\"width\":512,\"height\":512,\"caption\":\"Francois Lescoutte\"},\"logo\":{\"@id\":\"https:\\\/\\\/i0.wp.com\\\/drummer.fr\\\/drummer\\\/wp-content\\\/uploads\\\/2019\\\/12\\\/Sans-titre-2.jpg?fit=512%2C512\"},\"description\":\"Batterie (instrument)\",\"sameAs\":[\"http:\\\/\\\/www.drummer.fr\"]}]}<\/script>\n<!-- \/ Yoast SEO plugin. -->","yoast_head_json":{"title":"Lancez-vous - Drummer.fr","robots":{"index":"index","follow":"follow","max-snippet":"max-snippet:-1","max-image-preview":"max-image-preview:large","max-video-preview":"max-video-preview:-1"},"canonical":"http:\/\/drummer.fr\/drummer\/lancez-vous\/","og_locale":"fr_FR","og_type":"article","og_title":"Lancez-vous - Drummer.fr","og_url":"http:\/\/drummer.fr\/drummer\/lancez-vous\/","og_site_name":"Drummer.fr","schema":{"@context":"https:\/\/schema.org","@graph":[{"@type":["WebPage","CollectionPage"],"@id":"http:\/\/drummer.fr\/drummer\/lancez-vous\/","url":"http:\/\/drummer.fr\/drummer\/lancez-vous\/","name":"Lancez-vous - Drummer.fr","isPartOf":{"@id":"http:\/\/drummer.fr\/drummer\/#website"},"datePublished":"2018-02-10T07:33:37+00:00","breadcrumb":{"@id":"http:\/\/drummer.fr\/drummer\/lancez-vous\/#breadcrumb"},"inLanguage":"fr-FR"},{"@type":"BreadcrumbList","@id":"http:\/\/drummer.fr\/drummer\/lancez-vous\/#breadcrumb","itemListElement":[{"@type":"ListItem","position":1,"name":"Accueil","item":"http:\/\/drummer.fr\/drummer\/"},{"@type":"ListItem","position":2,"name":"Lancez-vous"}]},{"@type":"WebSite","@id":"http:\/\/drummer.fr\/drummer\/#website","url":"http:\/\/drummer.fr\/drummer\/","name":"Drummer.fr","description":"Apprendre la batterie","publisher":{"@id":"http:\/\/drummer.fr\/drummer\/#\/schema\/person\/19e3c7023e779e8a7630ace032b9556d"},"potentialAction":[{"@type":"SearchAction","target":{"@type":"EntryPoint","urlTemplate":"http:\/\/drummer.fr\/drummer\/?s={search_term_string}"},"query-input":{"@type":"PropertyValueSpecification","valueRequired":true,"valueName":"search_term_string"}}],"inLanguage":"fr-FR"},{"@type":["Person","Organization"],"@id":"http:\/\/drummer.fr\/drummer\/#\/schema\/person\/19e3c7023e779e8a7630ace032b9556d","name":"Francois Lescoutte","image":{"@type":"ImageObject","inLanguage":"fr-FR","@id":"https:\/\/i0.wp.com\/drummer.fr\/drummer\/wp-content\/uploads\/2019\/12\/Sans-titre-2.jpg?fit=512%2C512","url":"https:\/\/i0.wp.com\/drummer.fr\/drummer\/wp-content\/uploads\/2019\/12\/Sans-titre-2.jpg?fit=512%2C512","contentUrl":"https:\/\/i0.wp.com\/drummer.fr\/drummer\/wp-content\/uploads\/2019\/12\/Sans-titre-2.jpg?fit=512%2C512","width":512,"height":512,"caption":"Francois Lescoutte"},"logo":{"@id":"https:\/\/i0.wp.com\/drummer.fr\/drummer\/wp-content\/uploads\/2019\/12\/Sans-titre-2.jpg?fit=512%2C512"},"description":"Batterie (instrument)","sameAs":["http:\/\/www.drummer.fr"]}]}},"jetpack_shortlink":"https:\/\/wp.me\/P2yiNW-xX","jetpack_sharing_enabled":true,"jetpack_likes_enabled":false,"jetpack-related-posts":[{"id":2125,"url":"http:\/\/drummer.fr\/drummer\/politique-de-confidentialite\/","url_meta":{"origin":2105,"position":0},"title":"Politique de confidentialit\u00e9","author":"Francois Lescoutte","date":"24 mai 2018","format":false,"excerpt":"Qui sommes-nous\u00a0? L\u2019adresse de notre site Web est\u00a0: http:\/\/drummer.fr\/drummer. Utilisation des donn\u00e9es personnelles collect\u00e9es Commentaires Quand vous laissez un commentaire sur notre site web, les donn\u00e9es inscrites dans le formulaire de commentaire, mais aussi votre adresse IP et l\u2019agent utilisateur de votre navigateur sont collect\u00e9s pour nous aider \u00e0 la\u2026","rel":"","context":"Article similaire","block_context":{"text":"Article similaire","link":""},"img":{"alt_text":"","src":"","width":0,"height":0},"classes":[]},{"id":106,"url":"http:\/\/drummer.fr\/drummer\/pourquoi-choisir-drummer-batterie\/","url_meta":{"origin":2105,"position":1},"title":"Pourquoi choisir Drummer.fr pour apprendre la batterie ?","author":"Francois Lescoutte","date":"17 juin 2012","format":false,"excerpt":"Drummer s'adresse plus particuli\u00e8rement aux batteurs d\u00e9butants et \u00e0 ceux qui souhaitent travailler un point technique en particulier. Le cours de batterie en ligne vous permet d'\u00e9tudier \u00e0 votre rythme avec le conseil d'un expert si vous le souhaitez. \u00a0 Ce site ne comprend pas les partitions compl\u00e8tes des morceaux\u2026","rel":"","context":"Article similaire","block_context":{"text":"Article similaire","link":""},"img":{"alt_text":"drummer, cours de batterie en ligne","src":"https:\/\/i0.wp.com\/drummer.fr\/drummer\/wp-content\/uploads\/2012\/06\/logo_beta_12.png?resize=350%2C200","width":350,"height":200},"classes":[]},{"id":2286,"url":"http:\/\/drummer.fr\/drummer\/politique-de-cookie\/","url_meta":{"origin":2105,"position":2},"title":"Politique de cookie","author":"Francois Lescoutte","date":"29 juin 2019","format":false,"excerpt":"Ce site utilise des cookies - de petits fichiers texte qui sont plac\u00e9s sur votre machine pour aider le site \u00e0 fournir une meilleure exp\u00e9rience utilisateur. En g\u00e9n\u00e9ral, les cookies sont utilis\u00e9s pour conserver les pr\u00e9f\u00e9rences de l'utilisateur, stocker des informations pour des choses comme les paniers d'achat et fournir\u2026","rel":"","context":"Article similaire","block_context":{"text":"Article similaire","link":""},"img":{"alt_text":"","src":"","width":0,"height":0},"classes":[]},{"id":1572,"url":"http:\/\/drummer.fr\/drummer\/formulaire-contact\/","url_meta":{"origin":2105,"position":3},"title":"Formulaire de contact","author":"Francois Lescoutte","date":"13 ao\u00fbt 2014","format":false,"excerpt":"Vous pouvez me contacter au 06 15 57 86 64 ou me laisser un message par l'interm\u00e9diaire du formulaire ci-dessous Formulaire de contact Francois Lescoutte - Siret : 498 443 639 00022","rel":"","context":"Article similaire","block_context":{"text":"Article similaire","link":""},"img":{"alt_text":"","src":"","width":0,"height":0},"classes":[]},{"id":144,"url":"http:\/\/drummer.fr\/drummer\/temps-mesure-tempo-drummer\/","url_meta":{"origin":2105,"position":4},"title":"temps, mesure et tempo : notions \u00e9l\u00e9mentaires","author":"Francois Lescoutte","date":"25 juin 2012","format":false,"excerpt":"Le temps Unit\u00e9 de mesure de la dur\u00e9e musicale, il a une dur\u00e9e qui varie d'un morceau musical \u00e0 l'autre.\u00a0 C'est le tempo (voir la d\u00e9finition ci-dessous) qui va en fixer la dur\u00e9e exacte. Le temps peux \u00eatre combin\u00e9 en structure sup\u00e9rieure, la mesure et peut \u00eatre divis\u00e9 en plusieurs\u2026","rel":"","context":"Article similaire","block_context":{"text":"Article similaire","link":""},"img":{"alt_text":"La noire = 1 temps","src":"https:\/\/i0.wp.com\/drummer.fr\/drummer\/wp-content\/uploads\/2012\/06\/noire1.jpg?resize=350%2C200","width":350,"height":200},"classes":[]},{"id":2301,"url":"http:\/\/drummer.fr\/drummer\/rentree-2019-2020-cours-de-batterie-tarbes-lembeye-morlaas-soumoulou\/","url_meta":{"origin":2105,"position":5},"title":"Rentr\u00e9e 2023-2024. Cours de batterie Tarbes, Lembeye, Morlaas, Soumoulou, Espoey.","author":"Francois Lescoutte","date":"19 juillet 2019","format":false,"excerpt":"Tarbes, Pau. Je donne uniquement des cours particuliers en votre domicile ou chez moi. Pour de plus amples informations, r\u00e9f\u00e9rez-vous \u00e0 cette page . Lembeye Les cours de batterie ont lieu dans une salle situ\u00e9e au-dessus de la mairie, 37 place du Marcadieu, le mercredi matin et le vendredi en\u2026","rel":"","context":"Article similaire","block_context":{"text":"Article similaire","link":""},"img":{"alt_text":"cours de batterie","src":"https:\/\/i0.wp.com\/drummer.fr\/drummer\/wp-content\/uploads\/2019\/06\/aquadrums.jpg?fit=400%2C400&resize=350%2C200","width":350,"height":200},"classes":[]}],"_links":{"self":[{"href":"http:\/\/drummer.fr\/drummer\/wp-json\/wp\/v2\/pages\/2105","targetHints":{"allow":["GET"]}}],"collection":[{"href":"http:\/\/drummer.fr\/drummer\/wp-json\/wp\/v2\/pages"}],"about":[{"href":"http:\/\/drummer.fr\/drummer\/wp-json\/wp\/v2\/types\/page"}],"author":[{"embeddable":true,"href":"http:\/\/drummer.fr\/drummer\/wp-json\/wp\/v2\/users\/3"}],"replies":[{"embeddable":true,"href":"http:\/\/drummer.fr\/drummer\/wp-json\/wp\/v2\/comments?post=2105"}],"version-history":[{"count":1,"href":"http:\/\/drummer.fr\/drummer\/wp-json\/wp\/v2\/pages\/2105\/revisions"}],"predecessor-version":[{"id":2106,"href":"http:\/\/drummer.fr\/drummer\/wp-json\/wp\/v2\/pages\/2105\/revisions\/2106"}],"wp:attachment":[{"href":"http:\/\/drummer.fr\/drummer\/wp-json\/wp\/v2\/media?parent=2105"}],"curies":[{"name":"wp","href":"https:\/\/api.w.org\/{rel}","templated":true}]}}