{"id":1788,"date":"2015-05-04T18:39:49","date_gmt":"2015-05-04T16:39:49","guid":{"rendered":"http:\/\/drummer.fr\/drummer\/?page_id=1788"},"modified":"2015-08-24T18:56:20","modified_gmt":"2015-08-24T16:56:20","slug":"conditions-generales-de-vente-cgv","status":"publish","type":"page","link":"http:\/\/drummer.fr\/drummer\/conditions-generales-de-vente-cgv\/","title":{"rendered":"Conditions G\u00e9n\u00e9rales de Vente &#8211; CGV"},"content":{"rendered":"<h1 style=\"text-align: center;\"><strong>Conditions g\u00e9n\u00e9rales de vente<\/strong><\/h1>\n<p style=\"text-align: left;\"><strong>Le recours \u00e0 la prestation de cours de batterie par Fran\u00e7ois Lescoutte (sous la marque de drummer.fr) auto-entrepreneur, 3 rue Gleize Bielhe, 65460 Bours &#8211; Courriel : contact@drummer.fr &#8211; Siret :<span class=\"data ficheEtablissementIdentifiantSiret\">498 443 639 00022<\/span> &#8211; entra\u00eene sans r\u00e9serve l&rsquo;application des clauses suivantes :<\/strong><\/p>\n<h2>Chapitre 1 : conditions des formules de cours.<\/h2>\n<p>1 &#8211; Les formules de cours :<\/p>\n<p style=\"text-align: left;\">Drummer.fr propose plusieurs tarifs de cours, payable d&rsquo;avance :<\/p>\n<ul>\n<li style=\"text-align: left;\">L&rsquo;achat group\u00e9 de cours par lot de 5 \u00e0 10 cours ou plus, repr\u00e9sent\u00e9 par un nombre de coupons \u00e9gal aux nombres d&rsquo;heure achet\u00e9s .<\/li>\n<li style=\"text-align: left;\">L&rsquo;heure de cours \u00e0 la demande.<\/li>\n<li style=\"text-align: left;\">L&rsquo;heure d&rsquo;essai gratuite valable\u00a0 uniquement pour les nouveaux \u00e9l\u00e8ves d\u00e9butants.<\/li>\n<\/ul>\n<p>2 &#8211; R\u00e9glements :<\/p>\n<p>Le paiement des achats group\u00e9s se fait en une seule fois ; exceptionnellement ils pourront se faire en plusieurs fois sans frais en fonction de la\u00a0 l\u00e9gislation en cours. Tout impay\u00e9 fait l&rsquo;objet d&rsquo;une suspension imm\u00e9diate des cours et d&rsquo;une proc\u00e9dure de recouvrement.<\/p>\n<p>Le paiement de l&rsquo;heure de cours \u00e0 la demande se fait au d\u00e9but de la prestation. Elle ne donne pas lieu \u00e0 une heure d&rsquo;essai gratuite.<\/p>\n<p>3 &#8211; Les moyens de paiements accept\u00e9s sont : les ch\u00e8ques, les esp\u00e8ces, les ch\u00e8ques vacances.<\/p>\n<h2 style=\"text-align: left;\">\u00a0Chapitre 2 : Aspects g\u00e9n\u00e9raux contractuels.<\/h2>\n<p>1 &#8211; Le souscripteur d\u00e9signe l&rsquo;\u00e9l\u00e8ve s&rsquo;il est majeur ou son repr\u00e9sentant l\u00e9gal s&rsquo;il est mineur<\/p>\n<p>2 &#8211; Le souscripteur doit remettre le coupon au d\u00e9but de l&rsquo;heure de cours. Chaque coupon correspond \u00e0 une heure de cours. Lorsque le souscripteur n&rsquo;a plus de coupon, il suffit de faire une demande pour son renouvellement.<\/p>\n<p>3 &#8211; La date de la prochaine heure de cours est prise contractuellement entre les deux parties \u00e0 la fin de chaque cours.<\/p>\n<p>4 &#8211; Tout cours non annul\u00e9 48 heures avant est d\u00fb.<\/p>\n<p>5 &#8211; Les coupons ne sont pas rembours\u00e9s si l&rsquo;\u00e9l\u00e8ve d\u00e9cide de ne plus suivre les cours avant \u00e9puisement des coupons. Ils ne peuvent pas \u00eatre c\u00e9d\u00e9s \u00e0 une autre partie sans mon accord.<\/p>\n","protected":false},"excerpt":{"rendered":"<p>Conditions g\u00e9n\u00e9rales de vente Le recours \u00e0 la prestation de cours de batterie par Fran\u00e7ois Lescoutte (sous la marque de drummer.fr) auto-entrepreneur, 3 rue Gleize Bielhe, 65460 Bours &#8211; Courriel : contact@drummer.fr &#8211; Siret :498 443 639 00022 &#8211; entra\u00eene sans r\u00e9serve l&rsquo;application des clauses suivantes : Chapitre 1 : &hellip;<\/p>\n","protected":false},"author":3,"featured_media":0,"parent":0,"menu_order":0,"comment_status":"open","ping_status":"open","template":"","meta":{"jetpack_post_was_ever_published":false,"footnotes":""},"class_list":["post-1788","page","type-page","status-publish","hentry"],"yoast_head":"<!-- This site is optimized with the Yoast SEO plugin v27.4 - https:\/\/yoast.com\/product\/yoast-seo-wordpress\/ -->\n<title>Conditions G\u00e9n\u00e9rales de Vente - CGV - Drummer.fr<\/title>\n<meta name=\"robots\" content=\"index, follow, max-snippet:-1, max-image-preview:large, max-video-preview:-1\" \/>\n<link rel=\"canonical\" href=\"http:\/\/drummer.fr\/drummer\/conditions-generales-de-vente-cgv\/\" \/>\n<meta property=\"og:locale\" content=\"fr_FR\" \/>\n<meta property=\"og:type\" content=\"article\" \/>\n<meta property=\"og:title\" content=\"Conditions G\u00e9n\u00e9rales de Vente - CGV - Drummer.fr\" \/>\n<meta property=\"og:description\" content=\"Conditions g\u00e9n\u00e9rales de vente Le recours \u00e0 la prestation de cours de batterie par Fran\u00e7ois Lescoutte (sous la marque de drummer.fr) auto-entrepreneur, 3 rue Gleize Bielhe, 65460 Bours &#8211; Courriel : contact@drummer.fr &#8211; Siret :498 443 639 00022 &#8211; entra\u00eene sans r\u00e9serve l&rsquo;application des clauses suivantes : Chapitre 1 : &hellip;\" \/>\n<meta property=\"og:url\" content=\"http:\/\/drummer.fr\/drummer\/conditions-generales-de-vente-cgv\/\" \/>\n<meta property=\"og:site_name\" content=\"Drummer.fr\" \/>\n<meta property=\"article:modified_time\" content=\"2015-08-24T16:56:20+00:00\" \/>\n<meta name=\"twitter:label1\" content=\"Dur\u00e9e de lecture estim\u00e9e\" \/>\n\t<meta name=\"twitter:data1\" content=\"2 minutes\" \/>\n<script type=\"application\/ld+json\" class=\"yoast-schema-graph\">{\"@context\":\"https:\\\/\\\/schema.org\",\"@graph\":[{\"@type\":\"WebPage\",\"@id\":\"http:\\\/\\\/drummer.fr\\\/drummer\\\/conditions-generales-de-vente-cgv\\\/\",\"url\":\"http:\\\/\\\/drummer.fr\\\/drummer\\\/conditions-generales-de-vente-cgv\\\/\",\"name\":\"Conditions G\u00e9n\u00e9rales de Vente - CGV - Drummer.fr\",\"isPartOf\":{\"@id\":\"http:\\\/\\\/drummer.fr\\\/drummer\\\/#website\"},\"datePublished\":\"2015-05-04T16:39:49+00:00\",\"dateModified\":\"2015-08-24T16:56:20+00:00\",\"breadcrumb\":{\"@id\":\"http:\\\/\\\/drummer.fr\\\/drummer\\\/conditions-generales-de-vente-cgv\\\/#breadcrumb\"},\"inLanguage\":\"fr-FR\",\"potentialAction\":[{\"@type\":\"ReadAction\",\"target\":[\"http:\\\/\\\/drummer.fr\\\/drummer\\\/conditions-generales-de-vente-cgv\\\/\"]}]},{\"@type\":\"BreadcrumbList\",\"@id\":\"http:\\\/\\\/drummer.fr\\\/drummer\\\/conditions-generales-de-vente-cgv\\\/#breadcrumb\",\"itemListElement\":[{\"@type\":\"ListItem\",\"position\":1,\"name\":\"Accueil\",\"item\":\"http:\\\/\\\/drummer.fr\\\/drummer\\\/\"},{\"@type\":\"ListItem\",\"position\":2,\"name\":\"Conditions G\u00e9n\u00e9rales de Vente &#8211; CGV\"}]},{\"@type\":\"WebSite\",\"@id\":\"http:\\\/\\\/drummer.fr\\\/drummer\\\/#website\",\"url\":\"http:\\\/\\\/drummer.fr\\\/drummer\\\/\",\"name\":\"Drummer.fr\",\"description\":\"Apprendre la batterie\",\"publisher\":{\"@id\":\"http:\\\/\\\/drummer.fr\\\/drummer\\\/#\\\/schema\\\/person\\\/19e3c7023e779e8a7630ace032b9556d\"},\"potentialAction\":[{\"@type\":\"SearchAction\",\"target\":{\"@type\":\"EntryPoint\",\"urlTemplate\":\"http:\\\/\\\/drummer.fr\\\/drummer\\\/?s={search_term_string}\"},\"query-input\":{\"@type\":\"PropertyValueSpecification\",\"valueRequired\":true,\"valueName\":\"search_term_string\"}}],\"inLanguage\":\"fr-FR\"},{\"@type\":[\"Person\",\"Organization\"],\"@id\":\"http:\\\/\\\/drummer.fr\\\/drummer\\\/#\\\/schema\\\/person\\\/19e3c7023e779e8a7630ace032b9556d\",\"name\":\"Francois Lescoutte\",\"image\":{\"@type\":\"ImageObject\",\"inLanguage\":\"fr-FR\",\"@id\":\"https:\\\/\\\/i0.wp.com\\\/drummer.fr\\\/drummer\\\/wp-content\\\/uploads\\\/2019\\\/12\\\/Sans-titre-2.jpg?fit=512%2C512\",\"url\":\"https:\\\/\\\/i0.wp.com\\\/drummer.fr\\\/drummer\\\/wp-content\\\/uploads\\\/2019\\\/12\\\/Sans-titre-2.jpg?fit=512%2C512\",\"contentUrl\":\"https:\\\/\\\/i0.wp.com\\\/drummer.fr\\\/drummer\\\/wp-content\\\/uploads\\\/2019\\\/12\\\/Sans-titre-2.jpg?fit=512%2C512\",\"width\":512,\"height\":512,\"caption\":\"Francois Lescoutte\"},\"logo\":{\"@id\":\"https:\\\/\\\/i0.wp.com\\\/drummer.fr\\\/drummer\\\/wp-content\\\/uploads\\\/2019\\\/12\\\/Sans-titre-2.jpg?fit=512%2C512\"},\"description\":\"Batterie (instrument)\",\"sameAs\":[\"http:\\\/\\\/www.drummer.fr\"]}]}<\/script>\n<!-- \/ Yoast SEO plugin. -->","yoast_head_json":{"title":"Conditions G\u00e9n\u00e9rales de Vente - CGV - Drummer.fr","robots":{"index":"index","follow":"follow","max-snippet":"max-snippet:-1","max-image-preview":"max-image-preview:large","max-video-preview":"max-video-preview:-1"},"canonical":"http:\/\/drummer.fr\/drummer\/conditions-generales-de-vente-cgv\/","og_locale":"fr_FR","og_type":"article","og_title":"Conditions G\u00e9n\u00e9rales de Vente - CGV - Drummer.fr","og_description":"Conditions g\u00e9n\u00e9rales de vente Le recours \u00e0 la prestation de cours de batterie par Fran\u00e7ois Lescoutte (sous la marque de drummer.fr) auto-entrepreneur, 3 rue Gleize Bielhe, 65460 Bours &#8211; Courriel : contact@drummer.fr &#8211; Siret :498 443 639 00022 &#8211; entra\u00eene sans r\u00e9serve l&rsquo;application des clauses suivantes : Chapitre 1 : &hellip;","og_url":"http:\/\/drummer.fr\/drummer\/conditions-generales-de-vente-cgv\/","og_site_name":"Drummer.fr","article_modified_time":"2015-08-24T16:56:20+00:00","twitter_misc":{"Dur\u00e9e de lecture estim\u00e9e":"2 minutes"},"schema":{"@context":"https:\/\/schema.org","@graph":[{"@type":"WebPage","@id":"http:\/\/drummer.fr\/drummer\/conditions-generales-de-vente-cgv\/","url":"http:\/\/drummer.fr\/drummer\/conditions-generales-de-vente-cgv\/","name":"Conditions G\u00e9n\u00e9rales de Vente - CGV - Drummer.fr","isPartOf":{"@id":"http:\/\/drummer.fr\/drummer\/#website"},"datePublished":"2015-05-04T16:39:49+00:00","dateModified":"2015-08-24T16:56:20+00:00","breadcrumb":{"@id":"http:\/\/drummer.fr\/drummer\/conditions-generales-de-vente-cgv\/#breadcrumb"},"inLanguage":"fr-FR","potentialAction":[{"@type":"ReadAction","target":["http:\/\/drummer.fr\/drummer\/conditions-generales-de-vente-cgv\/"]}]},{"@type":"BreadcrumbList","@id":"http:\/\/drummer.fr\/drummer\/conditions-generales-de-vente-cgv\/#breadcrumb","itemListElement":[{"@type":"ListItem","position":1,"name":"Accueil","item":"http:\/\/drummer.fr\/drummer\/"},{"@type":"ListItem","position":2,"name":"Conditions G\u00e9n\u00e9rales de Vente &#8211; CGV"}]},{"@type":"WebSite","@id":"http:\/\/drummer.fr\/drummer\/#website","url":"http:\/\/drummer.fr\/drummer\/","name":"Drummer.fr","description":"Apprendre la batterie","publisher":{"@id":"http:\/\/drummer.fr\/drummer\/#\/schema\/person\/19e3c7023e779e8a7630ace032b9556d"},"potentialAction":[{"@type":"SearchAction","target":{"@type":"EntryPoint","urlTemplate":"http:\/\/drummer.fr\/drummer\/?s={search_term_string}"},"query-input":{"@type":"PropertyValueSpecification","valueRequired":true,"valueName":"search_term_string"}}],"inLanguage":"fr-FR"},{"@type":["Person","Organization"],"@id":"http:\/\/drummer.fr\/drummer\/#\/schema\/person\/19e3c7023e779e8a7630ace032b9556d","name":"Francois Lescoutte","image":{"@type":"ImageObject","inLanguage":"fr-FR","@id":"https:\/\/i0.wp.com\/drummer.fr\/drummer\/wp-content\/uploads\/2019\/12\/Sans-titre-2.jpg?fit=512%2C512","url":"https:\/\/i0.wp.com\/drummer.fr\/drummer\/wp-content\/uploads\/2019\/12\/Sans-titre-2.jpg?fit=512%2C512","contentUrl":"https:\/\/i0.wp.com\/drummer.fr\/drummer\/wp-content\/uploads\/2019\/12\/Sans-titre-2.jpg?fit=512%2C512","width":512,"height":512,"caption":"Francois Lescoutte"},"logo":{"@id":"https:\/\/i0.wp.com\/drummer.fr\/drummer\/wp-content\/uploads\/2019\/12\/Sans-titre-2.jpg?fit=512%2C512"},"description":"Batterie (instrument)","sameAs":["http:\/\/www.drummer.fr"]}]}},"jetpack_shortlink":"https:\/\/wp.me\/P2yiNW-sQ","jetpack_sharing_enabled":true,"jetpack_likes_enabled":false,"jetpack-related-posts":[{"id":2399,"url":"http:\/\/drummer.fr\/drummer\/cours\/","url_meta":{"origin":1788,"position":0},"title":"Cours","author":"Francois Lescoutte","date":"20 mars 2020","format":false,"excerpt":"","rel":"","context":"Article similaire","block_context":{"text":"Article similaire","link":""},"img":{"alt_text":"","src":"","width":0,"height":0},"classes":[]},{"id":2604,"url":"http:\/\/drummer.fr\/drummer\/cours-2\/","url_meta":{"origin":1788,"position":1},"title":"Cours","author":"Francois Lescoutte","date":"13 mai 2020","format":false,"excerpt":"","rel":"","context":"Article similaire","block_context":{"text":"Article similaire","link":""},"img":{"alt_text":"","src":"","width":0,"height":0},"classes":[]},{"id":2301,"url":"http:\/\/drummer.fr\/drummer\/rentree-2019-2020-cours-de-batterie-tarbes-lembeye-morlaas-soumoulou\/","url_meta":{"origin":1788,"position":2},"title":"Rentr\u00e9e 2023-2024. Cours de batterie Tarbes, Lembeye, Morlaas, Soumoulou, Espoey.","author":"Francois Lescoutte","date":"19 juillet 2019","format":false,"excerpt":"Tarbes, Pau. Je donne uniquement des cours particuliers en votre domicile ou chez moi. Pour de plus amples informations, r\u00e9f\u00e9rez-vous \u00e0 cette page . Lembeye Les cours de batterie ont lieu dans une salle situ\u00e9e au-dessus de la mairie, 37 place du Marcadieu, le mercredi matin et le vendredi en\u2026","rel":"","context":"Article similaire","block_context":{"text":"Article similaire","link":""},"img":{"alt_text":"cours de batterie","src":"https:\/\/i0.wp.com\/drummer.fr\/drummer\/wp-content\/uploads\/2019\/06\/aquadrums.jpg?fit=400%2C400&resize=350%2C200","width":350,"height":200},"classes":[]},{"id":106,"url":"http:\/\/drummer.fr\/drummer\/pourquoi-choisir-drummer-batterie\/","url_meta":{"origin":1788,"position":3},"title":"Pourquoi choisir Drummer.fr pour apprendre la batterie ?","author":"Francois Lescoutte","date":"17 juin 2012","format":false,"excerpt":"Drummer s'adresse plus particuli\u00e8rement aux batteurs d\u00e9butants et \u00e0 ceux qui souhaitent travailler un point technique en particulier. Le cours de batterie en ligne vous permet d'\u00e9tudier \u00e0 votre rythme avec le conseil d'un expert si vous le souhaitez. \u00a0 Ce site ne comprend pas les partitions compl\u00e8tes des morceaux\u2026","rel":"","context":"Article similaire","block_context":{"text":"Article similaire","link":""},"img":{"alt_text":"drummer, cours de batterie en ligne","src":"https:\/\/i0.wp.com\/drummer.fr\/drummer\/wp-content\/uploads\/2012\/06\/logo_beta_12.png?resize=350%2C200","width":350,"height":200},"classes":[]},{"id":265,"url":"http:\/\/drummer.fr\/drummer\/credits\/","url_meta":{"origin":1788,"position":4},"title":"Cr\u00e9dits &#8211; Mentions l\u00e9gales","author":"Francois Lescoutte","date":"11 juillet 2012","format":false,"excerpt":"Propri\u00e9taire et \u00e9diteur de ce site : Francois Lescoutte 3, rue Gleize Bielle 65460 Bours France Auto entrepreneur enregistr\u00e9 sous le numero 498 443 639 H\u00e9bergement : GANDI SAS, 63-65 boulevard Massena 75013 Paris France immatriculation 423 093 459 RCS PARIS N\u00b0 TVA FR81423093459 T\u00e9l\u00e9phone : +33.(0) 1 70.37.76.61 T\u00e9l\u00e9copie\u2026","rel":"","context":"Article similaire","block_context":{"text":"Article similaire","link":""},"img":{"alt_text":"","src":"","width":0,"height":0},"classes":[]},{"id":2681,"url":"http:\/\/drummer.fr\/drummer\/commande\/historique-des-achats\/","url_meta":{"origin":1788,"position":5},"title":"Historique des achats","author":"","date":"11 d\u00e9cembre 2020","format":false,"excerpt":"","rel":"","context":"Article similaire","block_context":{"text":"Article similaire","link":""},"img":{"alt_text":"","src":"","width":0,"height":0},"classes":[]}],"_links":{"self":[{"href":"http:\/\/drummer.fr\/drummer\/wp-json\/wp\/v2\/pages\/1788","targetHints":{"allow":["GET"]}}],"collection":[{"href":"http:\/\/drummer.fr\/drummer\/wp-json\/wp\/v2\/pages"}],"about":[{"href":"http:\/\/drummer.fr\/drummer\/wp-json\/wp\/v2\/types\/page"}],"author":[{"embeddable":true,"href":"http:\/\/drummer.fr\/drummer\/wp-json\/wp\/v2\/users\/3"}],"replies":[{"embeddable":true,"href":"http:\/\/drummer.fr\/drummer\/wp-json\/wp\/v2\/comments?post=1788"}],"version-history":[{"count":5,"href":"http:\/\/drummer.fr\/drummer\/wp-json\/wp\/v2\/pages\/1788\/revisions"}],"predecessor-version":[{"id":1835,"href":"http:\/\/drummer.fr\/drummer\/wp-json\/wp\/v2\/pages\/1788\/revisions\/1835"}],"wp:attachment":[{"href":"http:\/\/drummer.fr\/drummer\/wp-json\/wp\/v2\/media?parent=1788"}],"curies":[{"name":"wp","href":"https:\/\/api.w.org\/{rel}","templated":true}]}}