{"id":144,"date":"2012-06-25T10:28:16","date_gmt":"2012-06-25T08:28:16","guid":{"rendered":"http:\/\/drummer.fr\/drummer\/?page_id=144"},"modified":"2015-08-21T03:57:52","modified_gmt":"2015-08-21T01:57:52","slug":"temps-mesure-tempo-drummer","status":"publish","type":"page","link":"http:\/\/drummer.fr\/drummer\/temps-mesure-tempo-drummer\/","title":{"rendered":"temps, mesure et tempo : notions \u00e9l\u00e9mentaires"},"content":{"rendered":"<h2><strong>Le temps<\/strong><\/h2>\n<p>Unit\u00e9 de mesure de la dur\u00e9e musicale, il a une dur\u00e9e qui varie d&rsquo;un morceau musical \u00e0 l&rsquo;autre.\u00a0 C&rsquo;est le <span style=\"text-decoration: underline;\">tempo<\/span> (voir la d\u00e9finition ci-dessous) qui va en fixer la dur\u00e9e exacte. Le temps peux \u00eatre combin\u00e9 en structure sup\u00e9rieure, la <span style=\"text-decoration: underline;\">mesure<\/span> et peut \u00eatre divis\u00e9 en plusieurs parties.<\/p>\n<p>Sa division peut \u00eatre binaire ou ternaire.<\/p>\n<p>Le <span style=\"text-decoration: underline;\">temps binaire<\/span> est divis\u00e9 en deux partie \u00e9gales. Ainsi une noire vaut deux croches; une croche vaut deux double croches etc &#8230;<\/p>\n<p>Dans cette video (Heavy cross &#8211; Gossip), vous avez un exemple de rythme binaire.<\/p>\n<p style=\"text-align: center;\"><object type=\"application\/x-shockwave-flash\" width=\"400\" height=\"285\" data=\"http:\/\/getembedplus.com\/embedplus.swf\" id=\"ep5754\">\r<param value=\"http:\/\/getembedplus.com\/embedplus.swf\" name=\"movie\" \/>\r<param value=\"high\" name=\"quality\" \/>\r<param value=\"transparent\" name=\"wmode\" \/>\r<param value=\"always\" name=\"allowscriptaccess\" \/>\r<param value=\"true\" name=\"allowFullScreen\" \/>\r<param name=\"flashvars\" value=\"ytid=5mQVljB7JGw&width=400&height=253&start=&stop=&rs=w&hd=0&react=1&chapters=&notes=&amp;rs=w\" \/>\r<iframe loading=\"lazy\" class=\"cantembedplus\" title=\"YouTube video player\" width=\"400\" height=\"253\" src=\"http:\/\/www.youtube.com\/embed\/5mQVljB7JGw?fs=1\" frameborder=\"0\" allowfullscreen><\/iframe>\r<\/object><\/p>\n<p style=\"text-align: left;\">Le <span style=\"text-decoration: underline;\">temps ternaire<\/span> est divis\u00e9 en trois parties \u00e9gales. Ainsi une noire vaut 3 croches. l&rsquo;ensemble de ces croches est appel\u00e9 triolet. Sweet home chicago, ici dans la version des Blues Brother est un exemple type de morceau ternaire.<\/p>\n<p style=\"text-align: center;\"><object type=\"application\/x-shockwave-flash\" width=\"400\" height=\"359\" data=\"http:\/\/getembedplus.com\/embedplus.swf\" id=\"ep6203\">\r<param value=\"http:\/\/getembedplus.com\/embedplus.swf\" name=\"movie\" \/>\r<param value=\"high\" name=\"quality\" \/>\r<param value=\"transparent\" name=\"wmode\" \/>\r<param value=\"always\" name=\"allowscriptaccess\" \/>\r<param value=\"true\" name=\"allowFullScreen\" \/>\r<param name=\"flashvars\" value=\"ytid=Tlou_2lMLAc&width=400&height=327&start=&stop=&rs=w&hd=0&react=1&chapters=&notes=&amp;rs=w\" \/>\r<iframe loading=\"lazy\" class=\"cantembedplus\" title=\"YouTube video player\" width=\"400\" height=\"327\" src=\"http:\/\/www.youtube.com\/embed\/Tlou_2lMLAc?fs=1\" frameborder=\"0\" allowfullscreen><\/iframe>\r<\/object><\/p>\n<p style=\"text-align: left;\">Exceptionnellement, il peut \u00eatre divis\u00e9 en cinq (pentolet), six (sextolet)ou sept (septolet) voir plus.<\/p>\n<p>&nbsp;<\/p>\n<h2><strong>Le Tempo<\/strong><\/h2>\n<p>Le <span style=\"text-decoration: underline;\">tempo<\/span> indique le nombre de battement par minute, parfois not\u00e9 bpm. Par exemple :<\/p>\n<p><img data-recalc-dims=\"1\" loading=\"lazy\" decoding=\"async\" class=\"wp-image-157 alignnone\" style=\"border: 0pt none;\" title=\"noire\" alt=\"La noire = 1 temps\" src=\"https:\/\/i0.wp.com\/drummer.fr\/drummer\/wp-content\/uploads\/2012\/06\/noire1.jpg?resize=21%2C42\" width=\"21\" height=\"42\" \/>= 120 : indique 120 noire \u00e0 la minute soit 120 croches \u00e0 la minute.<\/p>\n<p><img data-recalc-dims=\"1\" loading=\"lazy\" decoding=\"async\" class=\"wp-image-160 alignnone\" title=\"croche\" alt=\"La croche = 1\/2 temps\" src=\"https:\/\/i0.wp.com\/drummer.fr\/drummer\/wp-content\/uploads\/2012\/06\/croche1.jpg?resize=24%2C36\" width=\"24\" height=\"36\" \/>= 120 : indique 120 croches par minute soit 60 noires par minute.<\/p>\n<p>Cette indication en battements par minute n&rsquo;est possible que depuis l&rsquo;invention du m\u00e9tronome en 1812 par<a title=\"Dietrich Nikolaus Winkel\" href=\"http:\/\/fr.wikipedia.org\/wiki\/Dietrich_Nikolaus_Winkel\"> Dietrich Nikolaus Winkel<\/a>. Auparavant, les indications de tempo \u00e9taient donn\u00e9s par des termes italiens ou allemands.<\/p>\n<p>Tempo et temps sont \u00e9troitement li\u00e9s. Un tempo rapide donne des temps courts et inversement, un tempo lent donne des temps longs.<\/p>\n<h2><strong>La mesure<\/strong><\/h2>\n<p style=\"text-align: left;\"><span style=\"text-decoration: underline;\">La mesure<\/span> est une unit\u00e9 de mesure regroupant plusieurs temps.<\/p>\n<p><img data-recalc-dims=\"1\" loading=\"lazy\" decoding=\"async\" class=\"alignleft size-full wp-image-212\" title=\"cle 4-4\" alt=\"Explication de la port\u00e9e \" src=\"https:\/\/i0.wp.com\/drummer.fr\/drummer\/wp-content\/uploads\/2012\/06\/cle-4-4.png?resize=76%2C68\" width=\"76\" height=\"68\" \/> Le nombre sup\u00e9rieur indique le nombre de temps par mesure (Ici 4 temps par mesure). Le nombre inf\u00e9rieur indique la note qui donne le temps (Ici la noire). Les deux barres verticales et parall\u00e8les est la clef utilis\u00e9e pour les percussions. Les cinq lignes parall\u00e8les et horizontales se nomment la port\u00e9e.<\/p>\n<p>Dans les musiques actuelles, vous jouerez majoritairement sur des mesures \u00e0 quatre temps. Mais vous rencontrerez aussi des mesures en 6\/8, 12\/8, 5\/4, 3\/4 etc&#8230;<\/p>\n","protected":false},"excerpt":{"rendered":"<p>Le temps Unit\u00e9 de mesure de la dur\u00e9e musicale, il a une dur\u00e9e qui varie d&rsquo;un morceau musical \u00e0 l&rsquo;autre.\u00a0 C&rsquo;est le tempo (voir la d\u00e9finition ci-dessous) qui va en fixer la dur\u00e9e exacte. Le temps peux \u00eatre combin\u00e9 en structure sup\u00e9rieure, la mesure et peut \u00eatre divis\u00e9 en plusieurs &hellip;<\/p>\n","protected":false},"author":3,"featured_media":0,"parent":0,"menu_order":0,"comment_status":"closed","ping_status":"open","template":"","meta":{"jetpack_post_was_ever_published":false,"footnotes":""},"class_list":["post-144","page","type-page","status-publish","hentry"],"yoast_head":"<!-- This site is optimized with the Yoast SEO plugin v27.5 - https:\/\/yoast.com\/product\/yoast-seo-wordpress\/ -->\n<title>temps, mesure et tempo : notions \u00e9l\u00e9mentaires - Drummer<\/title>\n<meta name=\"description\" content=\"Cette article donne les d\u00e9finitions \u00e9l\u00e9mentaires de temps, tempo, mesure, de division de temps illustrer par des videos.\" \/>\n<meta name=\"robots\" content=\"index, follow, max-snippet:-1, max-image-preview:large, max-video-preview:-1\" \/>\n<link rel=\"canonical\" href=\"http:\/\/drummer.fr\/drummer\/temps-mesure-tempo-drummer\/\" \/>\n<meta property=\"og:locale\" content=\"fr_FR\" \/>\n<meta property=\"og:type\" content=\"article\" \/>\n<meta property=\"og:title\" content=\"temps, mesure et tempo : notions \u00e9l\u00e9mentaires - Drummer\" \/>\n<meta property=\"og:description\" content=\"Cette article donne les d\u00e9finitions \u00e9l\u00e9mentaires de temps, tempo, mesure, de division de temps illustrer par des videos.\" \/>\n<meta property=\"og:url\" content=\"http:\/\/drummer.fr\/drummer\/temps-mesure-tempo-drummer\/\" \/>\n<meta property=\"og:site_name\" content=\"Drummer.fr\" \/>\n<meta property=\"article:modified_time\" content=\"2015-08-21T01:57:52+00:00\" \/>\n<meta property=\"og:image\" content=\"http:\/\/drummer.fr\/drummer\/wp-content\/uploads\/2012\/06\/noire1.jpg\" \/>\n<meta name=\"twitter:label1\" content=\"Dur\u00e9e de lecture estim\u00e9e\" \/>\n\t<meta name=\"twitter:data1\" content=\"2 minutes\" \/>\n<script type=\"application\/ld+json\" class=\"yoast-schema-graph\">{\"@context\":\"https:\\\/\\\/schema.org\",\"@graph\":[{\"@type\":\"WebPage\",\"@id\":\"http:\\\/\\\/drummer.fr\\\/drummer\\\/temps-mesure-tempo-drummer\\\/\",\"url\":\"http:\\\/\\\/drummer.fr\\\/drummer\\\/temps-mesure-tempo-drummer\\\/\",\"name\":\"temps, mesure et tempo : notions \u00e9l\u00e9mentaires - Drummer\",\"isPartOf\":{\"@id\":\"http:\\\/\\\/drummer.fr\\\/drummer\\\/#website\"},\"primaryImageOfPage\":{\"@id\":\"http:\\\/\\\/drummer.fr\\\/drummer\\\/temps-mesure-tempo-drummer\\\/#primaryimage\"},\"image\":{\"@id\":\"http:\\\/\\\/drummer.fr\\\/drummer\\\/temps-mesure-tempo-drummer\\\/#primaryimage\"},\"thumbnailUrl\":\"http:\\\/\\\/drummer.fr\\\/drummer\\\/wp-content\\\/uploads\\\/2012\\\/06\\\/noire1.jpg\",\"datePublished\":\"2012-06-25T08:28:16+00:00\",\"dateModified\":\"2015-08-21T01:57:52+00:00\",\"description\":\"Cette article donne les d\u00e9finitions \u00e9l\u00e9mentaires de temps, tempo, mesure, de division de temps illustrer par des videos.\",\"breadcrumb\":{\"@id\":\"http:\\\/\\\/drummer.fr\\\/drummer\\\/temps-mesure-tempo-drummer\\\/#breadcrumb\"},\"inLanguage\":\"fr-FR\",\"potentialAction\":[{\"@type\":\"ReadAction\",\"target\":[\"http:\\\/\\\/drummer.fr\\\/drummer\\\/temps-mesure-tempo-drummer\\\/\"]}]},{\"@type\":\"ImageObject\",\"inLanguage\":\"fr-FR\",\"@id\":\"http:\\\/\\\/drummer.fr\\\/drummer\\\/temps-mesure-tempo-drummer\\\/#primaryimage\",\"url\":\"https:\\\/\\\/i0.wp.com\\\/drummer.fr\\\/drummer\\\/wp-content\\\/uploads\\\/2012\\\/06\\\/noire1.jpg?fit=33%2C63\",\"contentUrl\":\"https:\\\/\\\/i0.wp.com\\\/drummer.fr\\\/drummer\\\/wp-content\\\/uploads\\\/2012\\\/06\\\/noire1.jpg?fit=33%2C63\",\"width\":\"33\",\"height\":\"63\",\"caption\":\"Noire\"},{\"@type\":\"BreadcrumbList\",\"@id\":\"http:\\\/\\\/drummer.fr\\\/drummer\\\/temps-mesure-tempo-drummer\\\/#breadcrumb\",\"itemListElement\":[{\"@type\":\"ListItem\",\"position\":1,\"name\":\"Accueil\",\"item\":\"http:\\\/\\\/drummer.fr\\\/drummer\\\/\"},{\"@type\":\"ListItem\",\"position\":2,\"name\":\"temps, mesure et tempo : notions \u00e9l\u00e9mentaires\"}]},{\"@type\":\"WebSite\",\"@id\":\"http:\\\/\\\/drummer.fr\\\/drummer\\\/#website\",\"url\":\"http:\\\/\\\/drummer.fr\\\/drummer\\\/\",\"name\":\"Drummer.fr\",\"description\":\"Apprendre la batterie\",\"publisher\":{\"@id\":\"http:\\\/\\\/drummer.fr\\\/drummer\\\/#\\\/schema\\\/person\\\/19e3c7023e779e8a7630ace032b9556d\"},\"potentialAction\":[{\"@type\":\"SearchAction\",\"target\":{\"@type\":\"EntryPoint\",\"urlTemplate\":\"http:\\\/\\\/drummer.fr\\\/drummer\\\/?s={search_term_string}\"},\"query-input\":{\"@type\":\"PropertyValueSpecification\",\"valueRequired\":true,\"valueName\":\"search_term_string\"}}],\"inLanguage\":\"fr-FR\"},{\"@type\":[\"Person\",\"Organization\"],\"@id\":\"http:\\\/\\\/drummer.fr\\\/drummer\\\/#\\\/schema\\\/person\\\/19e3c7023e779e8a7630ace032b9556d\",\"name\":\"Francois Lescoutte\",\"image\":{\"@type\":\"ImageObject\",\"inLanguage\":\"fr-FR\",\"@id\":\"https:\\\/\\\/i0.wp.com\\\/drummer.fr\\\/drummer\\\/wp-content\\\/uploads\\\/2019\\\/12\\\/Sans-titre-2.jpg?fit=512%2C512\",\"url\":\"https:\\\/\\\/i0.wp.com\\\/drummer.fr\\\/drummer\\\/wp-content\\\/uploads\\\/2019\\\/12\\\/Sans-titre-2.jpg?fit=512%2C512\",\"contentUrl\":\"https:\\\/\\\/i0.wp.com\\\/drummer.fr\\\/drummer\\\/wp-content\\\/uploads\\\/2019\\\/12\\\/Sans-titre-2.jpg?fit=512%2C512\",\"width\":512,\"height\":512,\"caption\":\"Francois Lescoutte\"},\"logo\":{\"@id\":\"https:\\\/\\\/i0.wp.com\\\/drummer.fr\\\/drummer\\\/wp-content\\\/uploads\\\/2019\\\/12\\\/Sans-titre-2.jpg?fit=512%2C512\"},\"description\":\"Batterie (instrument)\",\"sameAs\":[\"http:\\\/\\\/www.drummer.fr\"]}]}<\/script>\n<!-- \/ Yoast SEO plugin. -->","yoast_head_json":{"title":"temps, mesure et tempo : notions \u00e9l\u00e9mentaires - Drummer","description":"Cette article donne les d\u00e9finitions \u00e9l\u00e9mentaires de temps, tempo, mesure, de division de temps illustrer par des videos.","robots":{"index":"index","follow":"follow","max-snippet":"max-snippet:-1","max-image-preview":"max-image-preview:large","max-video-preview":"max-video-preview:-1"},"canonical":"http:\/\/drummer.fr\/drummer\/temps-mesure-tempo-drummer\/","og_locale":"fr_FR","og_type":"article","og_title":"temps, mesure et tempo : notions \u00e9l\u00e9mentaires - Drummer","og_description":"Cette article donne les d\u00e9finitions \u00e9l\u00e9mentaires de temps, tempo, mesure, de division de temps illustrer par des videos.","og_url":"http:\/\/drummer.fr\/drummer\/temps-mesure-tempo-drummer\/","og_site_name":"Drummer.fr","article_modified_time":"2015-08-21T01:57:52+00:00","og_image":[{"url":"http:\/\/drummer.fr\/drummer\/wp-content\/uploads\/2012\/06\/noire1.jpg","type":"","width":"","height":""}],"twitter_misc":{"Dur\u00e9e de lecture estim\u00e9e":"2 minutes"},"schema":{"@context":"https:\/\/schema.org","@graph":[{"@type":"WebPage","@id":"http:\/\/drummer.fr\/drummer\/temps-mesure-tempo-drummer\/","url":"http:\/\/drummer.fr\/drummer\/temps-mesure-tempo-drummer\/","name":"temps, mesure et tempo : notions \u00e9l\u00e9mentaires - Drummer","isPartOf":{"@id":"http:\/\/drummer.fr\/drummer\/#website"},"primaryImageOfPage":{"@id":"http:\/\/drummer.fr\/drummer\/temps-mesure-tempo-drummer\/#primaryimage"},"image":{"@id":"http:\/\/drummer.fr\/drummer\/temps-mesure-tempo-drummer\/#primaryimage"},"thumbnailUrl":"http:\/\/drummer.fr\/drummer\/wp-content\/uploads\/2012\/06\/noire1.jpg","datePublished":"2012-06-25T08:28:16+00:00","dateModified":"2015-08-21T01:57:52+00:00","description":"Cette article donne les d\u00e9finitions \u00e9l\u00e9mentaires de temps, tempo, mesure, de division de temps illustrer par des videos.","breadcrumb":{"@id":"http:\/\/drummer.fr\/drummer\/temps-mesure-tempo-drummer\/#breadcrumb"},"inLanguage":"fr-FR","potentialAction":[{"@type":"ReadAction","target":["http:\/\/drummer.fr\/drummer\/temps-mesure-tempo-drummer\/"]}]},{"@type":"ImageObject","inLanguage":"fr-FR","@id":"http:\/\/drummer.fr\/drummer\/temps-mesure-tempo-drummer\/#primaryimage","url":"https:\/\/i0.wp.com\/drummer.fr\/drummer\/wp-content\/uploads\/2012\/06\/noire1.jpg?fit=33%2C63","contentUrl":"https:\/\/i0.wp.com\/drummer.fr\/drummer\/wp-content\/uploads\/2012\/06\/noire1.jpg?fit=33%2C63","width":"33","height":"63","caption":"Noire"},{"@type":"BreadcrumbList","@id":"http:\/\/drummer.fr\/drummer\/temps-mesure-tempo-drummer\/#breadcrumb","itemListElement":[{"@type":"ListItem","position":1,"name":"Accueil","item":"http:\/\/drummer.fr\/drummer\/"},{"@type":"ListItem","position":2,"name":"temps, mesure et tempo : notions \u00e9l\u00e9mentaires"}]},{"@type":"WebSite","@id":"http:\/\/drummer.fr\/drummer\/#website","url":"http:\/\/drummer.fr\/drummer\/","name":"Drummer.fr","description":"Apprendre la batterie","publisher":{"@id":"http:\/\/drummer.fr\/drummer\/#\/schema\/person\/19e3c7023e779e8a7630ace032b9556d"},"potentialAction":[{"@type":"SearchAction","target":{"@type":"EntryPoint","urlTemplate":"http:\/\/drummer.fr\/drummer\/?s={search_term_string}"},"query-input":{"@type":"PropertyValueSpecification","valueRequired":true,"valueName":"search_term_string"}}],"inLanguage":"fr-FR"},{"@type":["Person","Organization"],"@id":"http:\/\/drummer.fr\/drummer\/#\/schema\/person\/19e3c7023e779e8a7630ace032b9556d","name":"Francois Lescoutte","image":{"@type":"ImageObject","inLanguage":"fr-FR","@id":"https:\/\/i0.wp.com\/drummer.fr\/drummer\/wp-content\/uploads\/2019\/12\/Sans-titre-2.jpg?fit=512%2C512","url":"https:\/\/i0.wp.com\/drummer.fr\/drummer\/wp-content\/uploads\/2019\/12\/Sans-titre-2.jpg?fit=512%2C512","contentUrl":"https:\/\/i0.wp.com\/drummer.fr\/drummer\/wp-content\/uploads\/2019\/12\/Sans-titre-2.jpg?fit=512%2C512","width":512,"height":512,"caption":"Francois Lescoutte"},"logo":{"@id":"https:\/\/i0.wp.com\/drummer.fr\/drummer\/wp-content\/uploads\/2019\/12\/Sans-titre-2.jpg?fit=512%2C512"},"description":"Batterie (instrument)","sameAs":["http:\/\/www.drummer.fr"]}]}},"jetpack_shortlink":"https:\/\/wp.me\/P2yiNW-2k","jetpack_sharing_enabled":true,"jetpack_likes_enabled":false,"jetpack-related-posts":[{"id":2125,"url":"http:\/\/drummer.fr\/drummer\/politique-de-confidentialite\/","url_meta":{"origin":144,"position":0},"title":"Politique de confidentialit\u00e9","author":"Francois Lescoutte","date":"24 mai 2018","format":false,"excerpt":"Qui sommes-nous\u00a0? L\u2019adresse de notre site Web est\u00a0: http:\/\/drummer.fr\/drummer. Utilisation des donn\u00e9es personnelles collect\u00e9es Commentaires Quand vous laissez un commentaire sur notre site web, les donn\u00e9es inscrites dans le formulaire de commentaire, mais aussi votre adresse IP et l\u2019agent utilisateur de votre navigateur sont collect\u00e9s pour nous aider \u00e0 la\u2026","rel":"","context":"Article similaire","block_context":{"text":"Article similaire","link":""},"img":{"alt_text":"","src":"","width":0,"height":0},"classes":[]},{"id":1788,"url":"http:\/\/drummer.fr\/drummer\/conditions-generales-de-vente-cgv\/","url_meta":{"origin":144,"position":1},"title":"Conditions G\u00e9n\u00e9rales de Vente &#8211; CGV","author":"Francois Lescoutte","date":"4 mai 2015","format":false,"excerpt":"Conditions g\u00e9n\u00e9rales de vente Le recours \u00e0 la prestation de cours de batterie par Fran\u00e7ois Lescoutte (sous la marque de drummer.fr) auto-entrepreneur, 3 rue Gleize Bielhe, 65460 Bours - Courriel : contact@drummer.fr - Siret :498 443 639 00022 - entra\u00eene sans r\u00e9serve l'application des clauses suivantes : Chapitre 1 :\u2026","rel":"","context":"Article similaire","block_context":{"text":"Article similaire","link":""},"img":{"alt_text":"","src":"","width":0,"height":0},"classes":[]},{"id":2286,"url":"http:\/\/drummer.fr\/drummer\/politique-de-cookie\/","url_meta":{"origin":144,"position":2},"title":"Politique de cookie","author":"Francois Lescoutte","date":"29 juin 2019","format":false,"excerpt":"Ce site utilise des cookies - de petits fichiers texte qui sont plac\u00e9s sur votre machine pour aider le site \u00e0 fournir une meilleure exp\u00e9rience utilisateur. En g\u00e9n\u00e9ral, les cookies sont utilis\u00e9s pour conserver les pr\u00e9f\u00e9rences de l'utilisateur, stocker des informations pour des choses comme les paniers d'achat et fournir\u2026","rel":"","context":"Article similaire","block_context":{"text":"Article similaire","link":""},"img":{"alt_text":"","src":"","width":0,"height":0},"classes":[]},{"id":106,"url":"http:\/\/drummer.fr\/drummer\/pourquoi-choisir-drummer-batterie\/","url_meta":{"origin":144,"position":3},"title":"Pourquoi choisir Drummer.fr pour apprendre la batterie ?","author":"Francois Lescoutte","date":"17 juin 2012","format":false,"excerpt":"Drummer s'adresse plus particuli\u00e8rement aux batteurs d\u00e9butants et \u00e0 ceux qui souhaitent travailler un point technique en particulier. Le cours de batterie en ligne vous permet d'\u00e9tudier \u00e0 votre rythme avec le conseil d'un expert si vous le souhaitez. \u00a0 Ce site ne comprend pas les partitions compl\u00e8tes des morceaux\u2026","rel":"","context":"Article similaire","block_context":{"text":"Article similaire","link":""},"img":{"alt_text":"drummer, cours de batterie en ligne","src":"https:\/\/i0.wp.com\/drummer.fr\/drummer\/wp-content\/uploads\/2012\/06\/logo_beta_12.png?resize=350%2C200","width":350,"height":200},"classes":[]},{"id":2301,"url":"http:\/\/drummer.fr\/drummer\/rentree-2019-2020-cours-de-batterie-tarbes-lembeye-morlaas-soumoulou\/","url_meta":{"origin":144,"position":4},"title":"Rentr\u00e9e 2023-2024. Cours de batterie Tarbes, Lembeye, Morlaas, Soumoulou, Espoey.","author":"Francois Lescoutte","date":"19 juillet 2019","format":false,"excerpt":"Tarbes, Pau. Je donne uniquement des cours particuliers en votre domicile ou chez moi. Pour de plus amples informations, r\u00e9f\u00e9rez-vous \u00e0 cette page . Lembeye Les cours de batterie ont lieu dans une salle situ\u00e9e au-dessus de la mairie, 37 place du Marcadieu, le mercredi matin et le vendredi en\u2026","rel":"","context":"Article similaire","block_context":{"text":"Article similaire","link":""},"img":{"alt_text":"cours de batterie","src":"https:\/\/i0.wp.com\/drummer.fr\/drummer\/wp-content\/uploads\/2019\/06\/aquadrums.jpg?fit=400%2C400&resize=350%2C200","width":350,"height":200},"classes":[]}],"_links":{"self":[{"href":"http:\/\/drummer.fr\/drummer\/wp-json\/wp\/v2\/pages\/144","targetHints":{"allow":["GET"]}}],"collection":[{"href":"http:\/\/drummer.fr\/drummer\/wp-json\/wp\/v2\/pages"}],"about":[{"href":"http:\/\/drummer.fr\/drummer\/wp-json\/wp\/v2\/types\/page"}],"author":[{"embeddable":true,"href":"http:\/\/drummer.fr\/drummer\/wp-json\/wp\/v2\/users\/3"}],"replies":[{"embeddable":true,"href":"http:\/\/drummer.fr\/drummer\/wp-json\/wp\/v2\/comments?post=144"}],"version-history":[{"count":47,"href":"http:\/\/drummer.fr\/drummer\/wp-json\/wp\/v2\/pages\/144\/revisions"}],"predecessor-version":[{"id":1832,"href":"http:\/\/drummer.fr\/drummer\/wp-json\/wp\/v2\/pages\/144\/revisions\/1832"}],"wp:attachment":[{"href":"http:\/\/drummer.fr\/drummer\/wp-json\/wp\/v2\/media?parent=144"}],"curies":[{"name":"wp","href":"https:\/\/api.w.org\/{rel}","templated":true}]}}