{"id":106,"date":"2012-06-17T12:23:18","date_gmt":"2012-06-17T10:23:18","guid":{"rendered":"http:\/\/drummer.fr\/drummer\/?page_id=106"},"modified":"2014-12-13T01:49:46","modified_gmt":"2014-12-13T00:49:46","slug":"pourquoi-choisir-drummer-batterie","status":"publish","type":"page","link":"http:\/\/drummer.fr\/drummer\/pourquoi-choisir-drummer-batterie\/","title":{"rendered":"Pourquoi choisir Drummer.fr pour apprendre la batterie ?"},"content":{"rendered":"<p><img data-recalc-dims=\"1\" loading=\"lazy\" decoding=\"async\" class=\"alignleft size-full wp-image-111\" title=\"drummer\" src=\"https:\/\/i0.wp.com\/drummer.fr\/drummer\/wp-content\/uploads\/2012\/06\/logo_beta_12.png?resize=219%2C66\" alt=\"drummer, cours de batterie en ligne\" width=\"219\" height=\"66\" \/>Drummer s&rsquo;adresse plus particuli\u00e8rement aux batteurs d\u00e9butants et \u00e0 ceux qui souhaitent travailler un point technique en particulier. Le cours de batterie en ligne vous permet d&rsquo;\u00e9tudier \u00e0 votre rythme avec le conseil d&rsquo;un expert si vous le souhaitez.<\/p>\n<p>&nbsp;<\/p>\n<p>Ce site ne comprend pas les partitions compl\u00e8tes des morceaux mais d\u00e9veloppe les techniques \u00e0 conna\u00eetre pour pouvoir jouer le morceau au plus pr\u00e8s de l&rsquo;original. Nous vous renvoyons \u00e0 l&rsquo;article de d\u00e9monstration pour vous faire une id\u00e9e de ce que nous vous proposons.<\/p>\n","protected":false},"excerpt":{"rendered":"<p>Drummer s&rsquo;adresse plus particuli\u00e8rement aux batteurs d\u00e9butants et \u00e0 ceux qui souhaitent travailler un point technique en particulier. Le cours de batterie en ligne vous permet d&rsquo;\u00e9tudier \u00e0 votre rythme avec le conseil d&rsquo;un expert si vous le souhaitez. &nbsp; Ce site ne comprend pas les partitions compl\u00e8tes des morceaux &hellip;<\/p>\n","protected":false},"author":3,"featured_media":0,"parent":0,"menu_order":0,"comment_status":"closed","ping_status":"open","template":"page-with-intro.php","meta":{"jetpack_post_was_ever_published":false,"footnotes":""},"class_list":["post-106","page","type-page","status-publish","hentry"],"yoast_head":"<!-- This site is optimized with the Yoast SEO plugin v27.4 - https:\/\/yoast.com\/product\/yoast-seo-wordpress\/ -->\n<title>Drummer, cours de batterie en ligne<\/title>\n<meta name=\"description\" content=\"Drummer vous propose d&#039;apprendre la batterie \u00e0 votre rythme. D\u00e9butant, vous apprendrez le B.a ba gr\u00e2ce \u00e0 des extraits sonores illustrant les partitions.\" \/>\n<meta name=\"robots\" content=\"index, follow, max-snippet:-1, max-image-preview:large, max-video-preview:-1\" \/>\n<link rel=\"canonical\" href=\"http:\/\/drummer.fr\/drummer\/pourquoi-choisir-drummer-batterie\/\" \/>\n<meta property=\"og:locale\" content=\"fr_FR\" \/>\n<meta property=\"og:type\" content=\"article\" \/>\n<meta property=\"og:title\" content=\"Drummer, cours de batterie en ligne\" \/>\n<meta property=\"og:description\" content=\"Drummer vous propose d&#039;apprendre la batterie \u00e0 votre rythme. D\u00e9butant, vous apprendrez le B.a ba gr\u00e2ce \u00e0 des extraits sonores illustrant les partitions.\" \/>\n<meta property=\"og:url\" content=\"http:\/\/drummer.fr\/drummer\/pourquoi-choisir-drummer-batterie\/\" \/>\n<meta property=\"og:site_name\" content=\"Drummer.fr\" \/>\n<meta property=\"article:modified_time\" content=\"2014-12-13T00:49:46+00:00\" \/>\n<meta property=\"og:image\" content=\"http:\/\/drummer.fr\/drummer\/wp-content\/uploads\/2012\/06\/logo_beta_12.png\" \/>\n<script type=\"application\/ld+json\" class=\"yoast-schema-graph\">{\"@context\":\"https:\\\/\\\/schema.org\",\"@graph\":[{\"@type\":\"WebPage\",\"@id\":\"http:\\\/\\\/drummer.fr\\\/drummer\\\/pourquoi-choisir-drummer-batterie\\\/\",\"url\":\"http:\\\/\\\/drummer.fr\\\/drummer\\\/pourquoi-choisir-drummer-batterie\\\/\",\"name\":\"Drummer, cours de batterie en ligne\",\"isPartOf\":{\"@id\":\"http:\\\/\\\/drummer.fr\\\/drummer\\\/#website\"},\"primaryImageOfPage\":{\"@id\":\"http:\\\/\\\/drummer.fr\\\/drummer\\\/pourquoi-choisir-drummer-batterie\\\/#primaryimage\"},\"image\":{\"@id\":\"http:\\\/\\\/drummer.fr\\\/drummer\\\/pourquoi-choisir-drummer-batterie\\\/#primaryimage\"},\"thumbnailUrl\":\"http:\\\/\\\/drummer.fr\\\/drummer\\\/wp-content\\\/uploads\\\/2012\\\/06\\\/logo_beta_12.png\",\"datePublished\":\"2012-06-17T10:23:18+00:00\",\"dateModified\":\"2014-12-13T00:49:46+00:00\",\"description\":\"Drummer vous propose d'apprendre la batterie \u00e0 votre rythme. D\u00e9butant, vous apprendrez le B.a ba gr\u00e2ce \u00e0 des extraits sonores illustrant les partitions.\",\"breadcrumb\":{\"@id\":\"http:\\\/\\\/drummer.fr\\\/drummer\\\/pourquoi-choisir-drummer-batterie\\\/#breadcrumb\"},\"inLanguage\":\"fr-FR\",\"potentialAction\":[{\"@type\":\"ReadAction\",\"target\":[\"http:\\\/\\\/drummer.fr\\\/drummer\\\/pourquoi-choisir-drummer-batterie\\\/\"]}]},{\"@type\":\"ImageObject\",\"inLanguage\":\"fr-FR\",\"@id\":\"http:\\\/\\\/drummer.fr\\\/drummer\\\/pourquoi-choisir-drummer-batterie\\\/#primaryimage\",\"url\":\"https:\\\/\\\/i0.wp.com\\\/drummer.fr\\\/drummer\\\/wp-content\\\/uploads\\\/2012\\\/06\\\/logo_beta_12.png?fit=219%2C66\",\"contentUrl\":\"https:\\\/\\\/i0.wp.com\\\/drummer.fr\\\/drummer\\\/wp-content\\\/uploads\\\/2012\\\/06\\\/logo_beta_12.png?fit=219%2C66\",\"width\":\"219\",\"height\":\"66\",\"caption\":\"drummer, cours de batterie en ligne\"},{\"@type\":\"BreadcrumbList\",\"@id\":\"http:\\\/\\\/drummer.fr\\\/drummer\\\/pourquoi-choisir-drummer-batterie\\\/#breadcrumb\",\"itemListElement\":[{\"@type\":\"ListItem\",\"position\":1,\"name\":\"Accueil\",\"item\":\"http:\\\/\\\/drummer.fr\\\/drummer\\\/\"},{\"@type\":\"ListItem\",\"position\":2,\"name\":\"Pourquoi choisir drummer.fr\"}]},{\"@type\":\"WebSite\",\"@id\":\"http:\\\/\\\/drummer.fr\\\/drummer\\\/#website\",\"url\":\"http:\\\/\\\/drummer.fr\\\/drummer\\\/\",\"name\":\"Drummer.fr\",\"description\":\"Apprendre la batterie\",\"publisher\":{\"@id\":\"http:\\\/\\\/drummer.fr\\\/drummer\\\/#\\\/schema\\\/person\\\/19e3c7023e779e8a7630ace032b9556d\"},\"potentialAction\":[{\"@type\":\"SearchAction\",\"target\":{\"@type\":\"EntryPoint\",\"urlTemplate\":\"http:\\\/\\\/drummer.fr\\\/drummer\\\/?s={search_term_string}\"},\"query-input\":{\"@type\":\"PropertyValueSpecification\",\"valueRequired\":true,\"valueName\":\"search_term_string\"}}],\"inLanguage\":\"fr-FR\"},{\"@type\":[\"Person\",\"Organization\"],\"@id\":\"http:\\\/\\\/drummer.fr\\\/drummer\\\/#\\\/schema\\\/person\\\/19e3c7023e779e8a7630ace032b9556d\",\"name\":\"Francois Lescoutte\",\"image\":{\"@type\":\"ImageObject\",\"inLanguage\":\"fr-FR\",\"@id\":\"https:\\\/\\\/i0.wp.com\\\/drummer.fr\\\/drummer\\\/wp-content\\\/uploads\\\/2019\\\/12\\\/Sans-titre-2.jpg?fit=512%2C512\",\"url\":\"https:\\\/\\\/i0.wp.com\\\/drummer.fr\\\/drummer\\\/wp-content\\\/uploads\\\/2019\\\/12\\\/Sans-titre-2.jpg?fit=512%2C512\",\"contentUrl\":\"https:\\\/\\\/i0.wp.com\\\/drummer.fr\\\/drummer\\\/wp-content\\\/uploads\\\/2019\\\/12\\\/Sans-titre-2.jpg?fit=512%2C512\",\"width\":512,\"height\":512,\"caption\":\"Francois Lescoutte\"},\"logo\":{\"@id\":\"https:\\\/\\\/i0.wp.com\\\/drummer.fr\\\/drummer\\\/wp-content\\\/uploads\\\/2019\\\/12\\\/Sans-titre-2.jpg?fit=512%2C512\"},\"description\":\"Batterie (instrument)\",\"sameAs\":[\"http:\\\/\\\/www.drummer.fr\"]}]}<\/script>\n<!-- \/ Yoast SEO plugin. -->","yoast_head_json":{"title":"Drummer, cours de batterie en ligne","description":"Drummer vous propose d'apprendre la batterie \u00e0 votre rythme. D\u00e9butant, vous apprendrez le B.a ba gr\u00e2ce \u00e0 des extraits sonores illustrant les partitions.","robots":{"index":"index","follow":"follow","max-snippet":"max-snippet:-1","max-image-preview":"max-image-preview:large","max-video-preview":"max-video-preview:-1"},"canonical":"http:\/\/drummer.fr\/drummer\/pourquoi-choisir-drummer-batterie\/","og_locale":"fr_FR","og_type":"article","og_title":"Drummer, cours de batterie en ligne","og_description":"Drummer vous propose d'apprendre la batterie \u00e0 votre rythme. D\u00e9butant, vous apprendrez le B.a ba gr\u00e2ce \u00e0 des extraits sonores illustrant les partitions.","og_url":"http:\/\/drummer.fr\/drummer\/pourquoi-choisir-drummer-batterie\/","og_site_name":"Drummer.fr","article_modified_time":"2014-12-13T00:49:46+00:00","og_image":[{"url":"http:\/\/drummer.fr\/drummer\/wp-content\/uploads\/2012\/06\/logo_beta_12.png","type":"","width":"","height":""}],"schema":{"@context":"https:\/\/schema.org","@graph":[{"@type":"WebPage","@id":"http:\/\/drummer.fr\/drummer\/pourquoi-choisir-drummer-batterie\/","url":"http:\/\/drummer.fr\/drummer\/pourquoi-choisir-drummer-batterie\/","name":"Drummer, cours de batterie en ligne","isPartOf":{"@id":"http:\/\/drummer.fr\/drummer\/#website"},"primaryImageOfPage":{"@id":"http:\/\/drummer.fr\/drummer\/pourquoi-choisir-drummer-batterie\/#primaryimage"},"image":{"@id":"http:\/\/drummer.fr\/drummer\/pourquoi-choisir-drummer-batterie\/#primaryimage"},"thumbnailUrl":"http:\/\/drummer.fr\/drummer\/wp-content\/uploads\/2012\/06\/logo_beta_12.png","datePublished":"2012-06-17T10:23:18+00:00","dateModified":"2014-12-13T00:49:46+00:00","description":"Drummer vous propose d'apprendre la batterie \u00e0 votre rythme. D\u00e9butant, vous apprendrez le B.a ba gr\u00e2ce \u00e0 des extraits sonores illustrant les partitions.","breadcrumb":{"@id":"http:\/\/drummer.fr\/drummer\/pourquoi-choisir-drummer-batterie\/#breadcrumb"},"inLanguage":"fr-FR","potentialAction":[{"@type":"ReadAction","target":["http:\/\/drummer.fr\/drummer\/pourquoi-choisir-drummer-batterie\/"]}]},{"@type":"ImageObject","inLanguage":"fr-FR","@id":"http:\/\/drummer.fr\/drummer\/pourquoi-choisir-drummer-batterie\/#primaryimage","url":"https:\/\/i0.wp.com\/drummer.fr\/drummer\/wp-content\/uploads\/2012\/06\/logo_beta_12.png?fit=219%2C66","contentUrl":"https:\/\/i0.wp.com\/drummer.fr\/drummer\/wp-content\/uploads\/2012\/06\/logo_beta_12.png?fit=219%2C66","width":"219","height":"66","caption":"drummer, cours de batterie en ligne"},{"@type":"BreadcrumbList","@id":"http:\/\/drummer.fr\/drummer\/pourquoi-choisir-drummer-batterie\/#breadcrumb","itemListElement":[{"@type":"ListItem","position":1,"name":"Accueil","item":"http:\/\/drummer.fr\/drummer\/"},{"@type":"ListItem","position":2,"name":"Pourquoi choisir drummer.fr"}]},{"@type":"WebSite","@id":"http:\/\/drummer.fr\/drummer\/#website","url":"http:\/\/drummer.fr\/drummer\/","name":"Drummer.fr","description":"Apprendre la batterie","publisher":{"@id":"http:\/\/drummer.fr\/drummer\/#\/schema\/person\/19e3c7023e779e8a7630ace032b9556d"},"potentialAction":[{"@type":"SearchAction","target":{"@type":"EntryPoint","urlTemplate":"http:\/\/drummer.fr\/drummer\/?s={search_term_string}"},"query-input":{"@type":"PropertyValueSpecification","valueRequired":true,"valueName":"search_term_string"}}],"inLanguage":"fr-FR"},{"@type":["Person","Organization"],"@id":"http:\/\/drummer.fr\/drummer\/#\/schema\/person\/19e3c7023e779e8a7630ace032b9556d","name":"Francois Lescoutte","image":{"@type":"ImageObject","inLanguage":"fr-FR","@id":"https:\/\/i0.wp.com\/drummer.fr\/drummer\/wp-content\/uploads\/2019\/12\/Sans-titre-2.jpg?fit=512%2C512","url":"https:\/\/i0.wp.com\/drummer.fr\/drummer\/wp-content\/uploads\/2019\/12\/Sans-titre-2.jpg?fit=512%2C512","contentUrl":"https:\/\/i0.wp.com\/drummer.fr\/drummer\/wp-content\/uploads\/2019\/12\/Sans-titre-2.jpg?fit=512%2C512","width":512,"height":512,"caption":"Francois Lescoutte"},"logo":{"@id":"https:\/\/i0.wp.com\/drummer.fr\/drummer\/wp-content\/uploads\/2019\/12\/Sans-titre-2.jpg?fit=512%2C512"},"description":"Batterie (instrument)","sameAs":["http:\/\/www.drummer.fr"]}]}},"jetpack_shortlink":"https:\/\/wp.me\/P2yiNW-1I","jetpack_sharing_enabled":true,"jetpack_likes_enabled":false,"jetpack-related-posts":[{"id":2301,"url":"http:\/\/drummer.fr\/drummer\/rentree-2019-2020-cours-de-batterie-tarbes-lembeye-morlaas-soumoulou\/","url_meta":{"origin":106,"position":0},"title":"Rentr\u00e9e 2023-2024. Cours de batterie Tarbes, Lembeye, Morlaas, Soumoulou, Espoey.","author":"Francois Lescoutte","date":"19 juillet 2019","format":false,"excerpt":"Tarbes, Pau. Je donne uniquement des cours particuliers en votre domicile ou chez moi. Pour de plus amples informations, r\u00e9f\u00e9rez-vous \u00e0 cette page . Lembeye Les cours de batterie ont lieu dans une salle situ\u00e9e au-dessus de la mairie, 37 place du Marcadieu, le mercredi matin et le vendredi en\u2026","rel":"","context":"Article similaire","block_context":{"text":"Article similaire","link":""},"img":{"alt_text":"cours de batterie","src":"https:\/\/i0.wp.com\/drummer.fr\/drummer\/wp-content\/uploads\/2019\/06\/aquadrums.jpg?fit=400%2C400&resize=350%2C200","width":350,"height":200},"classes":[]},{"id":2125,"url":"http:\/\/drummer.fr\/drummer\/politique-de-confidentialite\/","url_meta":{"origin":106,"position":1},"title":"Politique de confidentialit\u00e9","author":"Francois Lescoutte","date":"24 mai 2018","format":false,"excerpt":"Qui sommes-nous\u00a0? L\u2019adresse de notre site Web est\u00a0: http:\/\/drummer.fr\/drummer. Utilisation des donn\u00e9es personnelles collect\u00e9es Commentaires Quand vous laissez un commentaire sur notre site web, les donn\u00e9es inscrites dans le formulaire de commentaire, mais aussi votre adresse IP et l\u2019agent utilisateur de votre navigateur sont collect\u00e9s pour nous aider \u00e0 la\u2026","rel":"","context":"Article similaire","block_context":{"text":"Article similaire","link":""},"img":{"alt_text":"","src":"","width":0,"height":0},"classes":[]},{"id":2286,"url":"http:\/\/drummer.fr\/drummer\/politique-de-cookie\/","url_meta":{"origin":106,"position":2},"title":"Politique de cookie","author":"Francois Lescoutte","date":"29 juin 2019","format":false,"excerpt":"Ce site utilise des cookies - de petits fichiers texte qui sont plac\u00e9s sur votre machine pour aider le site \u00e0 fournir une meilleure exp\u00e9rience utilisateur. En g\u00e9n\u00e9ral, les cookies sont utilis\u00e9s pour conserver les pr\u00e9f\u00e9rences de l'utilisateur, stocker des informations pour des choses comme les paniers d'achat et fournir\u2026","rel":"","context":"Article similaire","block_context":{"text":"Article similaire","link":""},"img":{"alt_text":"","src":"","width":0,"height":0},"classes":[]},{"id":2105,"url":"http:\/\/drummer.fr\/drummer\/lancez-vous\/","url_meta":{"origin":106,"position":3},"title":"Lancez-vous","author":"Francois Lescoutte","date":"10 f\u00e9vrier 2018","format":false,"excerpt":"","rel":"","context":"Article similaire","block_context":{"text":"Article similaire","link":""},"img":{"alt_text":"","src":"","width":0,"height":0},"classes":[]},{"id":144,"url":"http:\/\/drummer.fr\/drummer\/temps-mesure-tempo-drummer\/","url_meta":{"origin":106,"position":4},"title":"temps, mesure et tempo : notions \u00e9l\u00e9mentaires","author":"Francois Lescoutte","date":"25 juin 2012","format":false,"excerpt":"Le temps Unit\u00e9 de mesure de la dur\u00e9e musicale, il a une dur\u00e9e qui varie d'un morceau musical \u00e0 l'autre.\u00a0 C'est le tempo (voir la d\u00e9finition ci-dessous) qui va en fixer la dur\u00e9e exacte. Le temps peux \u00eatre combin\u00e9 en structure sup\u00e9rieure, la mesure et peut \u00eatre divis\u00e9 en plusieurs\u2026","rel":"","context":"Article similaire","block_context":{"text":"Article similaire","link":""},"img":{"alt_text":"La noire = 1 temps","src":"https:\/\/i0.wp.com\/drummer.fr\/drummer\/wp-content\/uploads\/2012\/06\/noire1.jpg?resize=350%2C200","width":350,"height":200},"classes":[]},{"id":1788,"url":"http:\/\/drummer.fr\/drummer\/conditions-generales-de-vente-cgv\/","url_meta":{"origin":106,"position":5},"title":"Conditions G\u00e9n\u00e9rales de Vente &#8211; CGV","author":"Francois Lescoutte","date":"4 mai 2015","format":false,"excerpt":"Conditions g\u00e9n\u00e9rales de vente Le recours \u00e0 la prestation de cours de batterie par Fran\u00e7ois Lescoutte (sous la marque de drummer.fr) auto-entrepreneur, 3 rue Gleize Bielhe, 65460 Bours - Courriel : contact@drummer.fr - Siret :498 443 639 00022 - entra\u00eene sans r\u00e9serve l'application des clauses suivantes : Chapitre 1 :\u2026","rel":"","context":"Article similaire","block_context":{"text":"Article similaire","link":""},"img":{"alt_text":"","src":"","width":0,"height":0},"classes":[]}],"_links":{"self":[{"href":"http:\/\/drummer.fr\/drummer\/wp-json\/wp\/v2\/pages\/106","targetHints":{"allow":["GET"]}}],"collection":[{"href":"http:\/\/drummer.fr\/drummer\/wp-json\/wp\/v2\/pages"}],"about":[{"href":"http:\/\/drummer.fr\/drummer\/wp-json\/wp\/v2\/types\/page"}],"author":[{"embeddable":true,"href":"http:\/\/drummer.fr\/drummer\/wp-json\/wp\/v2\/users\/3"}],"replies":[{"embeddable":true,"href":"http:\/\/drummer.fr\/drummer\/wp-json\/wp\/v2\/comments?post=106"}],"version-history":[{"count":11,"href":"http:\/\/drummer.fr\/drummer\/wp-json\/wp\/v2\/pages\/106\/revisions"}],"predecessor-version":[{"id":115,"href":"http:\/\/drummer.fr\/drummer\/wp-json\/wp\/v2\/pages\/106\/revisions\/115"}],"wp:attachment":[{"href":"http:\/\/drummer.fr\/drummer\/wp-json\/wp\/v2\/media?parent=106"}],"curies":[{"name":"wp","href":"https:\/\/api.w.org\/{rel}","templated":true}]}}